{"id":9049,"date":"2024-04-30T13:10:45","date_gmt":"2024-04-30T12:10:45","guid":{"rendered":"https:\/\/ingelbeen.kneet.be\/product\/mobil-wyrol-bg-320\/"},"modified":"2024-06-26T16:09:24","modified_gmt":"2024-06-26T15:09:24","slug":"mobil-wyrol-bg-320","status":"publish","type":"product","link":"https:\/\/webshop.ingelbeen.be\/nl\/product\/mobil-wyrol-bg-320\/","title":{"rendered":"Mobil Wyrol BG 320"},"content":{"rendered":"<div class=\"productdetails wissen\">\n<div class=\"productkenmerkbeschrijving\">\n<div class=\"waardebeschrijving\">\n<p>WYROL BG-serie zijn hoogwaardige synthetische lager- en tandwieloli\u00ebn met weinig vlekken, ontworpen voor gebruik in walserijen. Vanwege hun geringe neiging tot vlekken zijn ze bijzonder geschikt voor gebruik in non-ferrowalserijtoepassingen. Ze zijn geformuleerd met weinig vlekkende synthetische ingredi\u00ebnten die ervoor zorgen dat er voldoende smering wordt geboden voor zware lager- en tandwielomstandigheden. Hun lage vlekvormingseigenschappen zorgen ervoor dat de kwaliteit van het gewalste metaal niet wordt aangetast door lekkage in walskoelsystemen. Dit garandeert een optimale levensduur en kwaliteit van het rolkoelmiddel; dit vermindert het onderhoud en de totale kosten. WYROL BG-oli\u00ebn hebben goede anti-slijtage- en belastbaarheidsprestaties en beschermen zwaarbelaste tandwielen en lagers tegen schade en slijtage. WYROL BG-oli\u00ebn vertonen ook uitstekende oxidatiestabiliteit en corrosiepreventie-eigenschappen.<\/p>\n<\/div>\n<\/div>\n<\/div>\n<h2>Functie en potenti\u00eble voordelen<\/h2>\n<p>WYROL BG-oli\u00ebn zijn specifiek ontworpen om de problemen te overwinnen die ontstaan \u200b\u200bwanneer conventionele lagersmeeroli\u00ebn de rololi\u00ebn vervuilen en resulteren in vlekken in het eindproduct. Ze bieden ook uitstekende smeereigenschappen om slijtage te verminderen en de levensduur van de apparatuur te verbeteren. Hun uitstekende chemische stabiliteit maakt langere onderhoudsintervallen en lagere onderhoudskosten mogelijk.<\/p>\n<p>WYROL BG-oli\u00ebn bieden de volgende voordelen:<\/p>\n<ul>\n<li>Zeer lage kleuringseigenschappen verbeteren de productie van acceptabele materialen<\/li>\n<li>Lagere afvalpercentages<\/li>\n<li>Verbeterde levensduur van de rolkoelvloeistof en lagere onderhoudskosten<\/li>\n<li>Goede anti-slijtage- en belastingseigenschappen verhogen de levensduur van lagers en tandwielen<\/li>\n<li>Hoge oxidatiestabiliteit verlengt de levensduur van de olie<\/li>\n<\/ul>\n<h2>Toepassingen<\/h2>\n<p>WYROL BG-oli\u00ebn zijn niet compatibel met conventionele minerale oli\u00ebn en bij het overstappen op deze vloeistoffen is een grondige spoeling en reiniging vereist voordat WYROL BG-oli\u00ebn worden toegevoegd. Raadpleeg uw plaatselijke technische marketingvertegenwoordiger voor advies over omschakelingsprocedures.<\/p>\n<ul>\n<li>Lager- en tandwielsmering in aluminiumwalserijtoepassingen<\/li>\n<li>Ze zijn geschikt voor spat- en nevelsmeersystemen<\/li>\n<\/ul>\n<div class=\"product-list-wrapper\"><\/div>\n","protected":false},"excerpt":{"rendered":"<p>WYROL BG Series zijn hoogwaardige synthetische, weinig bevlekkende lager- en tandwieloli\u00ebn, ontworpen voor gebruik in walsmolens. Vanwege hun lage bevlekkingstendens zijn ze bijzonder geschikt voor gebruik in niet-ferrometalen walsmolen toepassingen.<\/p>\n","protected":false},"featured_media":0,"template":"","meta":{"_acf_changed":false,"inline_featured_image":false},"product_brand":[],"product_cat":[182],"product_tag":[],"class_list":{"0":"post-9049","1":"product","2":"type-product","3":"status-publish","5":"product_cat-diverse","7":"first","8":"instock","9":"taxable","10":"shipping-taxable","11":"purchasable","12":"product-type-simple"},"acf":[],"_links":{"self":[{"href":"https:\/\/webshop.ingelbeen.be\/nl\/wp-json\/wp\/v2\/product\/9049","targetHints":{"allow":["GET"]}}],"collection":[{"href":"https:\/\/webshop.ingelbeen.be\/nl\/wp-json\/wp\/v2\/product"}],"about":[{"href":"https:\/\/webshop.ingelbeen.be\/nl\/wp-json\/wp\/v2\/types\/product"}],"wp:attachment":[{"href":"https:\/\/webshop.ingelbeen.be\/nl\/wp-json\/wp\/v2\/media?parent=9049"}],"wp:term":[{"taxonomy":"product_brand","embeddable":true,"href":"https:\/\/webshop.ingelbeen.be\/nl\/wp-json\/wp\/v2\/product_brand?post=9049"},{"taxonomy":"product_cat","embeddable":true,"href":"https:\/\/webshop.ingelbeen.be\/nl\/wp-json\/wp\/v2\/product_cat?post=9049"},{"taxonomy":"product_tag","embeddable":true,"href":"https:\/\/webshop.ingelbeen.be\/nl\/wp-json\/wp\/v2\/product_tag?post=9049"}],"curies":[{"name":"wp","href":"https:\/\/api.w.org\/{rel}","templated":true}]}}