{"id":9337,"date":"2024-04-30T13:10:38","date_gmt":"2024-04-30T12:10:38","guid":{"rendered":"https:\/\/ingelbeen.kneet.be\/product\/mobil-shc-pm-220\/"},"modified":"2024-06-26T16:09:10","modified_gmt":"2024-06-26T15:09:10","slug":"mobil-shc-pm-220","status":"publish","type":"product","link":"https:\/\/webshop.ingelbeen.be\/nl\/product\/mobil-shc-pm-220\/","title":{"rendered":"Mobil SHC PM 220"},"content":{"rendered":"<div class=\"productdetails wissen\">\n<div class=\"productkenmerkbeschrijving\">\n<div class=\"waardebeschrijving\">\n<p> Mobilith SHC\u2122 PM-vetten zijn producten met superieure prestaties die speciaal zijn ontworpen voor zware papiermachinetoepassingen, waaronder extreme temperaturen en ge\u00efntroduceerd aan verschillende waterkwaliteiten. Mobilith SHC PM-vetten combineren de unieke eigenschappen van een synthetische basisvloeistof met het van een hoogwaardig lithiumcomplexverdikkingsmiddel. De wasvrije aard van de synthetische basisvloeistof zorgt voor een uitstekende verpompbaarheid bij lage temperaturen en een laag start- en draaimoment in vergelijking met andere niet-synthetische olieproducten met gelijktijdige probleem. De hoge weerstandsindex van de synthetische basisvloeistof zorgt voor een uitstekende filmbescherming bij hoge temperaturen. Het lithiumcomplexverdikkingsmiddel draagt \u200b\u200bbij aan een uitstekende hechting, structurele stabiliteit en weerstand tegen water. Deze eigenschappen worden aangevuld door een speciaal additiefsysteem dat roest- en corrosiebestendigheid, slijtagebescherming, thermische\/oxidatieve weerstand biedt en de waterbestendige eigenschappen verbetering. Mobilith SHC PM 220 en Mobilith SHC PM 460 zijn beide NLGI klasse 1.5 met basisvloeistoffen van conventionele ISO VG 220 en 460.<\/p>\n<p> Mobilith SHC PM-vetten zijn ontworpen voor gebruik in de meest kritische wentellagertoepassingen in papiermachines. Ze bieden uitstekende bescherming tegen roest en typische zuur- en alkaliwatercorrosie, waardoor ze ideaal zijn voor het natte uiteinde van de papiermachine. De lage vluchtigheid en uitstekende oxidatiestabiliteit van het PAO-basismateriaal zorgt voor een uitstekende werking bij hoge temperaturen die typisch zijn voor droge eindomstandigheden.<\/p>\n<p> De Mobilith SHC PM-serie is de technologie bij uitstek geworden voor veel exploitanten van papierfabrieken over de hele wereld.\u00a0De reputatie is gebaseerd op voldoende kwaliteit, betrouwbaarheid en de bewezen prestatievoordelen die ze bewezen.<\/p><\/div><\/div><\/div>\n<h2>Functie en potenti\u00eble voordelen<\/h2>\n<p> Het Mobil SHC-merk duurzame en sterke wordt erkend en gewaardeerd vanwege hun innovatie en uitstekende prestaties.\u00a0De Mobilith SHC-serie symboliseert onze duurzame investering aan het gebruik van krachtige technologie om uitstekende producten te leveren. Een sleutelfactor bij de ontwikkeling van Mobilith SHC PM-vetten waren de nauwe contacten tussen onze praktische en toepassingsspecialisten met belangrijke ontwerpers van papiermachines om ervoor te zorgen dat ons productaanbod voldoende prestaties zou opleveren in dit voortdurend evoluerende en steeds bekender wordende apparatuurgebied.<\/p>\n<p> Ons werk met apparatuurbouwers heeft geholpen de resultaten van onze eigen laboratoriumtests te bevestigen die de kenmerkende prestaties van de Mobilith SHC PM-vetten blijken. Deze voordelen bieden uitstekende weerstand tegen zuur en alkalisch water, verbeterde lagerbescherming en werkzaamheid, breed temperatuurbereik en ge\u00efdentificeerde bevindingen van het vet.<\/p>\n<p> Om hoge verhitting te bestrijden, kies onze productformuleringswetenschappers voor eigen synthetische basisoli\u00ebn voor Mobilith SHC PM-vet vanwege hun vaste thermische en oxidatieve weerstand. Onze veelbelovende ontwikkelingen een hoogwaardige lithiumcomplex-verdikkingstechnologie en gebruikte specifieke additieven om Mobilith SHC PM-vetten te verbeteren om te voldoen aan de behoeften van moderne en toekomstige papiermachines. Mobilith SHC PM-vetten bieden de volgende kenmerken en voordelen:<\/p>\n<table class=\"tabel table-striped\">\n <thoofd>\n<tr>\n<th>Functies<\/th>\n<th>Voordelen en potenti\u00eble voordelen<\/th>\n<\/tr>\n<\/thead>\n<p> <tlichaam><\/p>\n<tr>\n<td>Uitstekende prestaties bij hoge en lage temperaturen<\/td>\n<td>Breed toepassingen temperatuurbereik, van -40\u00baC tot 150\u00b0C met uitstekende bescherming bij hoge temperaturen en laag koppel, eenvoudig ontwerpen bij lage temperaturen<\/td>\n<\/tr>\n<tr>\n<td>Uitstekende bescherming tegen slijtage, roest en corrosie, inclusief zuur water<\/td>\n<td>Verminderde stilstand en onderhoudskosten vanwege fundamentele slijtage, roest en corrosie, zelfs in zure en alkalische wateromgevingen<\/td>\n<\/tr>\n<tr>\n<td>Uitstekende structurele stabiliteit en oxidatieweerstand<\/td>\n<td>Verlengde aanwezigheid met vaste intervallen tussen hersmering en verbeterde lagerelevensduur<\/td>\n<\/tr>\n<tr>\n<td>Uitstekende slijtagebescherming bij zware belasting, lage snelheden en hoge temperaturen<\/td>\n<td>Uitstekende bescherming van lagers op lage snelheid, zwaar belast, met verlengde omvang van de lagers<\/td>\n<\/tr>\n<tr>\n<td>Uitstekende structurele stabiliteit in de aanwezigheid van water<\/td>\n<td>Behoudt uitstekende vetprestaties in vijandige waterige omgevingen<\/td>\n<\/tr>\n<tr>\n<td>Lage volatiliteit<\/td>\n<td>Help weerstand te bieden aan de groei van de sterkte bij hoge temperaturen om de nasmeerintervallen en de duurzaamheid van de lagers te maximaliseren<\/td>\n<\/tr>\n<p> <\/tlichaam><br \/>\n <\/tabel><\/p>\n<h2>Toepassingen<\/h2>\n<p> Toepassingsoverwegingen: Hoewel Mobilith SHC PM-vetten compatibel zijn met de meeste op minerale olie gebaseerde producten, kan de prestaties ervan worden vermengd. Daarom wordt aanbevolen dat voordat u een systeem vervangt door een van de Mobilith SHC PM-vetten, het grondig wordt gereinigd om de maximale prestatievoordelen te bereiken. Als het demonteren van het systeem voor reiniging v\u00f3\u00f3r de omschakeling niet duurzaam is, wordt een grondige spoeling en ge\u00efnstalleerde nasmeerintervallen ten zeerste aanbevolen. Neem contact op met uw mogelijke ExxonMobil Lube Engineer voor advies over deze aanpak.<\/p>\n<p> Mobilith SHC PM-vetten wordt aanbevolen voor kritische wentellagertoepassingen in papiermachines. vallen vallen:<\/p>\n<ul>\n<li>Lagers van papiermachines met natte afsluiting.<\/li>\n<li>Zwaar belaste lagers van het persgedeelte.<\/li>\n<li>Vilten rol- en kalenderstapellagers voor hoge temperaturen.<\/li>\n<\/ul>\n<h2>Specificaties en goedkeuringen<\/h2>\n<h3>Voldoet aan of overtref de vereisten van<\/h3>\n<ul>\n<li>DIN 51825: (2004-06) KPHC1-2N-40<\/li>\n<\/ul>\n","protected":false},"excerpt":{"rendered":"<p>De reeks Mobil SHC\u2122 PM producten zijn superieur presterende synthetische smeermiddelen voor smeeroliesystemen van de meest veeleisende papiermachines.<\/p>\n","protected":false},"featured_media":10107,"template":"","meta":{"_acf_changed":false,"inline_featured_image":false},"product_brand":[],"product_cat":[201],"product_tag":[],"class_list":{"0":"post-9337","1":"product","2":"type-product","3":"status-publish","4":"has-post-thumbnail","6":"product_cat-tandwielolie","8":"first","9":"instock","10":"taxable","11":"shipping-taxable","12":"purchasable","13":"product-type-simple"},"acf":[],"_links":{"self":[{"href":"https:\/\/webshop.ingelbeen.be\/nl\/wp-json\/wp\/v2\/product\/9337","targetHints":{"allow":["GET"]}}],"collection":[{"href":"https:\/\/webshop.ingelbeen.be\/nl\/wp-json\/wp\/v2\/product"}],"about":[{"href":"https:\/\/webshop.ingelbeen.be\/nl\/wp-json\/wp\/v2\/types\/product"}],"wp:featuredmedia":[{"embeddable":true,"href":"https:\/\/webshop.ingelbeen.be\/nl\/wp-json\/wp\/v2\/media\/10107"}],"wp:attachment":[{"href":"https:\/\/webshop.ingelbeen.be\/nl\/wp-json\/wp\/v2\/media?parent=9337"}],"wp:term":[{"taxonomy":"product_brand","embeddable":true,"href":"https:\/\/webshop.ingelbeen.be\/nl\/wp-json\/wp\/v2\/product_brand?post=9337"},{"taxonomy":"product_cat","embeddable":true,"href":"https:\/\/webshop.ingelbeen.be\/nl\/wp-json\/wp\/v2\/product_cat?post=9337"},{"taxonomy":"product_tag","embeddable":true,"href":"https:\/\/webshop.ingelbeen.be\/nl\/wp-json\/wp\/v2\/product_tag?post=9337"}],"curies":[{"name":"wp","href":"https:\/\/api.w.org\/{rel}","templated":true}]}}