{"id":9345,"date":"2024-04-30T13:10:37","date_gmt":"2024-04-30T12:10:37","guid":{"rendered":"https:\/\/ingelbeen.kneet.be\/product\/mobil-shc-cibus-32-ht\/"},"modified":"2024-06-26T16:09:06","modified_gmt":"2024-06-26T15:09:06","slug":"mobil-shc-cibus-32-ht","status":"publish","type":"product","link":"https:\/\/webshop.ingelbeen.be\/nl\/product\/mobil-shc-cibus-32-ht\/","title":{"rendered":"Mobil SHC Cibus 32 HT"},"content":{"rendered":"<div class=\"productdetails wissen\">\n<div class=\"productkenmerkbeschrijving\">\n<div class=\"waardebeschrijving\">\n<p> Mobil SHC Cibus\u2122-serie smeermiddelen zijn hydraulische, compressor-, tandwiel- en lageroli\u00ebn met uitstekende prestaties, ontworpen om uitstekende apparatuurbescherming, een lange levensduur van de olie en een probleemloze werking te bieden in de voedsel- en drankverwerkings- en verpakkingsindustrie. Ze zijn samengesteld uit door de FDA en NSF geregistreerde koolwaterstofbasisvloeistoffen en additieven. De combinatie van de natuurlijk hoge viscositeitsindex en het gepatenteerde additievensysteem zorgt ervoor dat de smeermiddelen uit de Mobil SHC Cibus-serie uitmuntende prestaties kunnen leveren in een breed scala aan servicetoepassingen bij hoge en lage temperaturen, hoge belasting en in gebieden met veel wasbeurten, ver buiten de normale omstandigheden. mogelijkheden van typische minerale oli\u00ebn.<\/p>\n<p> Mobil SHC Cibus-smeermiddelen zijn NSF H1-geregistreerde smeermiddelen en voldoen ook aan Titel 21 CFR 178.3570 van de Food and Drug Administration (VS) voor smeermiddelen die incidenteel met voedsel in contact komen. Bovendien worden de Mobil SHC Cibus-smeermiddelen vervaardigd in ISO 22000-gecertificeerde faciliteiten die ook voldoen aan de vereisten van ISO 21469, waardoor wordt gegarandeerd dat de hoogste niveaus van productintegriteit worden gehandhaafd. Ze zijn ook geschikt voor Kosher- en Halal-voedselbereiding voor multireligieuze toepassingen en bieden verwerkingsingenieurs maximale flexibiliteit tijdens operaties. De producten zijn bleek van kleur, hebben een lage geur en zijn zo samengesteld dat ze vrij zijn van dierlijke materialen en allergenen van noten, tarwe of gluten.<\/p>\n<p> De producten uit de Mobil SHC Cibus-serie hebben lage tractieco\u00ebffici\u00ebnten, afgeleid van de moleculaire structuur van de gebruikte basisoli\u00ebn. Dit resulteert in een lage vloeistofwrijving in de belastingszone van niet-conforme oppervlakken. Lage vloeistofwrijving zorgt voor lagere bedrijfstemperaturen en verbeterde apparatuureffici\u00ebntie, wat zich mogelijk vertaalt in een lager energieverbruik. De zorgvuldig ontworpen producten helpen ook de levensduur van machineonderdelen te verlengen en zorgen voor een economischer ontwerp van de apparatuur. Bovendien is het additievensysteem dat in deze oli\u00ebn wordt gebruikt zo geselecteerd dat het een goede bescherming tegen slijtage, uitstekende oxidatiestabiliteit, bescherming tegen roest en corrosie biedt, zelfs in vochtige omgevingen, en zorgt voor een goede systeemreinheid. De oli\u00ebn uit de Mobil SHC Cibus-serie zijn ook compatibel met afdichtingen en andere constructiematerialen die worden gebruikt in apparatuur die normaal gesproken wordt gesmeerd met minerale oli\u00ebn.<\/p>\n<p> De oli\u00ebn uit de Mobil SHC Cibus-serie kunnen worden gebruikt als hydraulische, tandwiel-, lager- en circulatieolie in alle ruimtes binnen de voedselverwerkingsfabriek en kunnen worden opgenomen als onderdeel van een HACCP-plan. De producten voldoen aan de strengste prestatie-eisen van een reeks componentenfabrikanten die gebruik maken van verschillende multi-metallurgische ontwerpen die ervoor zorgen dat een enkele productserie effectief kan smeren. Omdat ze productiviteit en NSF H1-registratievoordelen bieden, kunnen de Mobil SHC Cibus-producten zowel boven als onder de verwerkingslijn worden gebruikt om de voorraadkosten te verlagen en de risico&#8217;s te verminderen dat niet-H1-geregistreerde smeermiddelen worden afgegeven in gebieden met een hoog besmettingsrisico.<\/p>\n<p> Door uitstekende tractie-eigenschappen hebben de smeermiddelen uit de Mobil SHC Cibus-serie het potentieel aangetoond om aanzienlijke energiebesparingen op te leveren \u2013 3,6% in tandwieltoepassingen* en 3,5% in hydraulische toepassingen** \u2013 vergeleken met conventionele oli\u00ebn in statistisch gevalideerde veld- en laboratoriumtests.<\/p>\n<p> *Energie-effici\u00ebntie heeft uitsluitend betrekking op de vloeistofprestaties in vergelijking met conventionele (minerale) referentieoli\u00ebn met dezelfde viscositeitsklasse in circulatie- en tandwieltoepassingen. De gebruikte technologie maakt een effici\u00ebntie tot 3,6% mogelijk vergeleken met de referentie bij testen in een wormwielkast onder gecontroleerde omstandigheden. Effici\u00ebntieverbeteringen zullen vari\u00ebren afhankelijk van de bedrijfsomstandigheden en toepassingen.<\/p>\n<p> **Energie-effici\u00ebntie heeft uitsluitend betrekking op de vloeistofprestaties in vergelijking met Mobil DTE\u2122 25. De gebruikte technologie levert tot 3,5% effici\u00ebntie vergeleken met de referentie bij testen in een Eaton 25VMQ schottenpomp onder gecontroleerde omstandigheden. Effici\u00ebntieverbeteringen zullen vari\u00ebren afhankelijk van de bedrijfsomstandigheden en toepassingen.<\/p><\/div><\/div><\/div>\n<h2>Functie en potenti\u00eble voordelen<\/h2>\n<p> Het smeermiddelmerk Mobil SHC wordt over de hele wereld erkend en gewaardeerd vanwege innovatie en uitstekende prestaties. Deze moleculair ontworpen producten op basis van synthetische materialen symboliseren de voortdurende inzet om geavanceerde technologie te gebruiken om uitstekende smeermiddelen te leveren. Niet in de laatste plaats is het potentieel voor effici\u00ebntieverbeteringen vergeleken met minerale oli\u00ebn.<\/p>\n<p> De oli\u00ebn uit de Mobil SHC Cibus-serie bieden de volgende kenmerken en potenti\u00eble voordelen.<\/p>\n<table class=\"tabel table-striped\">\n <thoofd>\n<tr>\n<th>Functies<\/th>\n<th>Voordelen en potenti\u00eble voordelen<\/th>\n<\/tr>\n<\/thead>\n<p> <tlichaam><\/p>\n<tr>\n<td>NSF H1-geregistreerde smeermiddelen<\/td>\n<td>Maakt gebruik mogelijk in toepassingen voor het verpakken en verwerken van voedsel en dranken<\/td>\n<\/tr>\n<tr>\n<td>Gefabriceerd in faciliteiten die ISO 22000-gecertificeerd zijn en geregistreerd zijn volgens ISO 21469<\/td>\n<td>Productintegriteitsgarantie door onafhankelijke verificatie.<\/td>\n<\/tr>\n<tr>\n<td>Hoge viscositeitsindex<\/td>\n<td>Behoudt de viscositeit en laagdikte bij hoge temperaturen om apparatuur te beschermen. Uitzonderlijke prestaties bij lage temperaturen, inclusief laag stroomverbruik bij het opstarten<\/td>\n<\/tr>\n<tr>\n<td>Hoge draagkracht<\/td>\n<td>Helpt apparatuur te beschermen en de levensduur te verlengen, minimaliseert onverwachte stilstand en verlengt serviceperioden<\/td>\n<\/tr>\n<tr>\n<td>Goede afdichtingscompatibiliteit<\/td>\n<td>Helpt potenti\u00eble olielekkage te verminderen<\/td>\n<\/tr>\n<tr>\n<td>Uitstekende oxidatiestabiliteit<\/td>\n<td>Zorgt voor een lange olieproductie en verlengt de levensduur van de apparatuur<\/td>\n<\/tr>\n<tr>\n<td>Uitstekende waterafscheiding en goede corrosiebescherming<\/td>\n<td>Helpt corrosie van interne systemen te voorkomen, zelfs als er grote hoeveelheden water aanwezig zijn. Behoudt de smeerprestaties, zelfs na reinigen onder hoge druk<\/td>\n<\/tr>\n<tr>\n<td>Voldoet aan een breed scala aan apparatuurvereisten<\/td>\n<td>Multi-service toepassingen &#8211; E\u00e9n product kan meerdere vervangen, helpt de voorraadvereisten te minimaliseren en vermindert de kans op verkeerde toepassing van producten<\/td>\n<\/tr>\n<p> <\/tlichaam><br \/>\n <\/tabel><\/p>\n<h2>Toepassingen<\/h2>\n<p> <strong>Aanbevelingen voor verwerking en opslag<\/strong><\/p>\n<p> Het wordt aanbevolen om Mobil SHC Cibus-smeermiddelen binnen te bewaren en gescheiden te houden van andere niet-NSF H1-smeermiddelen. Idealiter moeten ze worden opgeslagen in een duidelijk aangegeven, aparte, aangewezen binnenruimte. Vaten en emmers mogen niet onder of boven andere niet-NSF H1-smeermiddelen worden gestapeld. Nieuwe verpakkingen moeten schadevrij zijn en een ongebroken verzegeling hebben. Noteer de leverdatum, het batchnummer en de houdbaarheidsdatum. Noteer de datum waarop de verzegeling voor het eerst is verbroken en gebruik de inhoud op tijd door middel van een geschikte voorraadrotatie. Sluit alle verpakkingsopeningen na gebruik. Vervang ongebruikte olie in de container niet. Gebruik duidelijk gelabelde speciale apparatuur voor intern transport. Etiketteer machines met de naam van het juiste NSF H1-smeermiddel, indien van toepassing.<\/p>\n<p> <strong>Smeermiddelwissel<\/strong><\/p>\n<p> Hoewel de Mobil SHC Cibus-serie fysiek compatibel kan zijn met andere NSF H1- of niet-NSF H1-geregistreerde producten op basis van minerale olie, kan een mengsel afbreuk doen aan hun prestaties en ook aan hun registratiestatus. Daarom wordt aanbevolen dat voordat systemen worden vervangen van niet-H1-smeermiddelen naar de Mobil SHC Cibus-serie, of zelfs voor gloednieuwe apparatuur, het systeem grondig wordt gereinigd en gespoeld om de maximale prestatievoordelen te bereiken en te voldoen aan de H1-registratie.<\/p>\n<p> <strong>Toepassingen<\/strong><\/p>\n<p> Mobil SHC Cibus-serie smeermiddelen worden aanbevolen voor gebruik in een breed scala aan hydraulische, compressor-, tandwiel- en lagertoepassingen binnen de voedsel- en drankverwerking, verpakking en farmaceutische industrie. De producten zijn effectief in veel toepassingen, waaronder toepassingen waarbij de onderhoudskosten voor het vervangen van componenten, het reinigen van het systeem en het vervangen van smeermiddelen hoog zijn.<\/p>\n<ul>\n<li>Mobil SHC Cibus 32, 46 en 68 zijn hoogwaardige vloeistoffen bedoeld voor hydraulische, circulatie-, compressor- en vacu\u00fcmpomptoepassingen<\/li>\n<li>Mobil SHC Cibus 100, 150, 220, 320 en 460 zijn bedoeld voor tandwiel-, lager- en circulatiesystemen<\/li>\n<\/ul>\n<p> Een geschikt analyseprogramma voor gebruikte olie, zoals Mobil Serv Lubricant Analysis van ExxonMobil, kan helpen de concentratie van slijtagemetalen te monitoren en informatie te verschaffen over passende maatregelen.<\/p>\n<p> Alleen incidenteel contact met voedsel volgens FDA 21CFR 178.3570<\/p>\n<p> Smeermiddelen uit de Mobil SHC Cibus-serie zijn uitsluitend geregistreerd volgens de vereisten van NSF H1 voor incidenteel contact met voedsel, wat een beperking betekent van 10 ppm olie in voedselproducten volgens FDA 21CFR 178.3570. Ze mogen niet worden gebruikt als smeermiddel voor direct voedselcontact.<\/p>\n<h2>Specificaties en goedkeuringen<\/h2>\n<h3>Voldoet aan of overtreft de vereisten van<\/h3>\n<ul>\n<li>HALAL CERTIFICATIERAAD Halal<\/li>\n<li>Koosjer &amp; Parve<\/li>\n<li>NSF H1<\/li>\n<li>DIN 51506:2013-12 VDL<\/li>\n<li>DIN 51524-2:2006-09<\/li>\n<li>FDA 21 CFR 178.3570<\/li>\n<\/ul>\n","protected":false},"excerpt":{"rendered":"<p>Mobil SHC Cibus\u2122 32 HT is een volledig synthetische, hoog presterende warmteoverdrachtsolie die bedoeld is voor gebruik in gesloten, indirecte verwarmingsinstallaties waar NSF H1-geregistreerde smeermiddelen vereist zijn. Het is geformuleerd om thermische scheuring en chemische oxidatie te weerstaan, wat op zijn beurt een langere levensduur en een lagere neiging tot afzetting en slibvorming kan betekenen.<\/p>\n","protected":false},"featured_media":10107,"template":"","meta":{"_acf_changed":false,"inline_featured_image":false},"product_brand":[],"product_cat":[198,204,205,201],"product_tag":[],"class_list":{"0":"post-9345","1":"product","2":"type-product","3":"status-publish","4":"has-post-thumbnail","6":"product_cat-compressorolie","7":"product_cat-hydraulische-olie","8":"product_cat-smeermiddelen-voor-de-voedingsindustrie","9":"product_cat-tandwielolie","11":"first","12":"instock","13":"taxable","14":"shipping-taxable","15":"purchasable","16":"product-type-simple"},"acf":[],"_links":{"self":[{"href":"https:\/\/webshop.ingelbeen.be\/nl\/wp-json\/wp\/v2\/product\/9345","targetHints":{"allow":["GET"]}}],"collection":[{"href":"https:\/\/webshop.ingelbeen.be\/nl\/wp-json\/wp\/v2\/product"}],"about":[{"href":"https:\/\/webshop.ingelbeen.be\/nl\/wp-json\/wp\/v2\/types\/product"}],"wp:featuredmedia":[{"embeddable":true,"href":"https:\/\/webshop.ingelbeen.be\/nl\/wp-json\/wp\/v2\/media\/10107"}],"wp:attachment":[{"href":"https:\/\/webshop.ingelbeen.be\/nl\/wp-json\/wp\/v2\/media?parent=9345"}],"wp:term":[{"taxonomy":"product_brand","embeddable":true,"href":"https:\/\/webshop.ingelbeen.be\/nl\/wp-json\/wp\/v2\/product_brand?post=9345"},{"taxonomy":"product_cat","embeddable":true,"href":"https:\/\/webshop.ingelbeen.be\/nl\/wp-json\/wp\/v2\/product_cat?post=9345"},{"taxonomy":"product_tag","embeddable":true,"href":"https:\/\/webshop.ingelbeen.be\/nl\/wp-json\/wp\/v2\/product_tag?post=9345"}],"curies":[{"name":"wp","href":"https:\/\/api.w.org\/{rel}","templated":true}]}}