{"id":9363,"date":"2024-04-30T13:10:37","date_gmt":"2024-04-30T12:10:37","guid":{"rendered":"https:\/\/ingelbeen.kneet.be\/product\/mobil-shc-gargoyle-80-poe\/"},"modified":"2024-06-26T16:09:08","modified_gmt":"2024-06-26T15:09:08","slug":"mobil-shc-gargoyle-80-poe","status":"publish","type":"product","link":"https:\/\/webshop.ingelbeen.be\/nl\/product\/mobil-shc-gargoyle-80-poe\/","title":{"rendered":"Mobil SHC Gargoyle 80 POE"},"content":{"rendered":"<div class=\"productdetails wissen\">\n<div class=\"productkenmerkbeschrijving\">\n<div class=\"waardebeschrijving\">\n<p> Mobil SHC\u2122 Gargoyle 80 POE is een hoogwaardige koelolie die speciaal is ontworpen voor de smering van koelcompressoren die gebruik maken van kooldioxide (CO<sub>2<\/sub>, R-744) koelmiddel voor mengbare toepassingen. Het is geformuleerd met behulp van een innovatieve Polyol Ester-technologie (POE) om uitstekende smering, bescherming tegen slijtage, chemische en chemische stabiliteit te bieden.<\/p>\n<p> De mengbaarheid ervan overtuigd met CO<sub>2<\/sub>\u00a0koelmiddel en de goed gedefinieerde lastige\/temperatuur\/druk-relaties zorgen voor een vaste filmdikte, zelfs bij hoge bedrijfsdrukken en temperaturen die worden gebruikt in zuigercompressoren die deze koelmiddeltechnologie gebruiken.<\/p>\n<p> Met zijn van nature hoge afschuifstabiele stabiliteitsindex en vloeibaarheid bij lage temperaturen kan het extra prestatievoordelen bieden onder zware bedrijfsomstandigheden, waaronder minder aslekkage en potentieel voor verbeterde verdampereffici\u00ebntie.<\/p><\/div><\/div><\/div>\n<h2>Functie en potenti\u00eble voordelen<\/h2>\n<ul>\n<li>De hoge oliefilmdikte in aanwezigheid van koelmiddel zorgt voor een uitstekende asafdichting, waardoor lagervermoeidheid en ongeplande stilstand worden verminderd.<\/li>\n<li>Een goede mengbaarheid en VPT-relatie met kooldioxide gedragen bij het verlagen van de cartertemperatuur van de bedrijfsolie, wat resulteert in een hogere weerstand tijdens gebruik en dus een onmogelijke oliefilm voor betere smering en bescherming tegen slijtage.<\/li>\n<li>Uitstekende slijtagebescherming draagt \u200b\u200bbij aan een potenti\u00eble potentie van de compressor.<\/li>\n<li>Hoge stabiliteitsindex en uitstekende vloeibaarheid bij lage temperaturen helpen de effici\u00ebntie van de verdamper te verbeteren.<\/li>\n<li>Een lage tractieco\u00ebffici\u00ebnt biedt potentieel voor verbeterde systeemeffici\u00ebntie en lager verbruik.<\/li>\n<\/ul>\n<h2>Toepassingen<\/h2>\n<p> Toepassingsoverwegingen: Mobil SHC Gargoyle 80 POE is hygroscopisch en er moet voor worden gezorgd dat vochtabsorptie wordt toegepast terwijl het wordt behandeld. Verpakkingen moeten goed gesloten zijn als ze niet worden gebruikt, en kleine verpakkingen hebben de voorkeur. Het product mag niet duurzaam worden naar plastic containers waarin vocht kan binnendringen.<\/p>\n<p> Mobil SHC Gargoyle 80 POE wordt aanbevolen voor koelsystemen waarin kooldioxide-koelmiddel wordt gebruikt. Dit bevat:<\/p>\n<ul>\n<li>Grote industri\u00eble zuigercompressoren die in de voedingsindustrie worden gebruikt voor het bereiden en invriezen van voedsel<\/li>\n<li>Industri\u00eble toepassingen zoals het invriezen van voedsel en koelopslaginstallaties<\/li>\n<li>Maritieme koeltoepassingen<\/li>\n<\/ul>\n","protected":false},"excerpt":{"rendered":"<p>Mobil SHC\u2122 Gargoyle 80 POE is een hoog presterende koelolie die speciaal is ontworpen voor de smering van koelcompressoren die gebruik maken van kooldioxide (CO<sub>2<\/sub>, R-744) als koelmiddel voor mengbare toepassingen.<\/p>\n","protected":false},"featured_media":10107,"template":"","meta":{"_acf_changed":false,"inline_featured_image":false},"product_brand":[],"product_cat":[207],"product_tag":[],"class_list":{"0":"post-9363","1":"product","2":"type-product","3":"status-publish","4":"has-post-thumbnail","6":"product_cat-olie-voor-koelcompressoren","8":"first","9":"instock","10":"taxable","11":"shipping-taxable","12":"purchasable","13":"product-type-simple"},"acf":[],"_links":{"self":[{"href":"https:\/\/webshop.ingelbeen.be\/nl\/wp-json\/wp\/v2\/product\/9363","targetHints":{"allow":["GET"]}}],"collection":[{"href":"https:\/\/webshop.ingelbeen.be\/nl\/wp-json\/wp\/v2\/product"}],"about":[{"href":"https:\/\/webshop.ingelbeen.be\/nl\/wp-json\/wp\/v2\/types\/product"}],"wp:featuredmedia":[{"embeddable":true,"href":"https:\/\/webshop.ingelbeen.be\/nl\/wp-json\/wp\/v2\/media\/10107"}],"wp:attachment":[{"href":"https:\/\/webshop.ingelbeen.be\/nl\/wp-json\/wp\/v2\/media?parent=9363"}],"wp:term":[{"taxonomy":"product_brand","embeddable":true,"href":"https:\/\/webshop.ingelbeen.be\/nl\/wp-json\/wp\/v2\/product_brand?post=9363"},{"taxonomy":"product_cat","embeddable":true,"href":"https:\/\/webshop.ingelbeen.be\/nl\/wp-json\/wp\/v2\/product_cat?post=9363"},{"taxonomy":"product_tag","embeddable":true,"href":"https:\/\/webshop.ingelbeen.be\/nl\/wp-json\/wp\/v2\/product_tag?post=9363"}],"curies":[{"name":"wp","href":"https:\/\/api.w.org\/{rel}","templated":true}]}}