{"id":9397,"date":"2024-04-30T13:10:36","date_gmt":"2024-04-30T12:10:36","guid":{"rendered":"https:\/\/ingelbeen.kneet.be\/product\/mobil-shc-aware-h-46\/"},"modified":"2024-06-26T16:09:05","modified_gmt":"2024-06-26T15:09:05","slug":"mobil-shc-aware-h-46","status":"publish","type":"product","link":"https:\/\/webshop.ingelbeen.be\/nl\/product\/mobil-shc-aware-h-46\/","title":{"rendered":"Mobil SHC Aware H 46"},"content":{"rendered":"<div class=\"productdetails wissen\">\n<div class=\"productkenmerkbeschrijving\">\n<div class=\"waardebeschrijving\">\n<p> Mobil SHC Aware\u2122 H-serie smeermiddelen zijn hoogwaardige, slijtvaste hydraulische oli\u00ebn voor moderne hydraulische hogedruksystemen die voldoen aan de richtlijnen van de Amerikaanse Environmental Protection Agency (EPA) 2013 Vessel General Permit (VGP) voor \u201cmilieuvriendelijke smeermiddelen\u201d. Ze bieden uitstekende prestaties bij een breed temperatuurbereik die verder gaan dan de mogelijkheden van niet-synthetische, milieuvriendelijke oli\u00ebn. Mobil SHC Aware H-serie oli\u00ebn zijn speciaal samengesteld op basis van esters en bieden uitzonderlijke anti-slijtage- en filmsterkte-eigenschappen die nodig zijn voor hydraulische systemen die onder hoge belasting en hoge druk werken.<\/p><\/div><\/div><\/div>\n<h2>Functie en potenti\u00eble voordelen<\/h2>\n<ul>\n<li>Voldoet aan de Amerikaanse EPA 2013 Vessel General Permit-vereisten voor milieuvriendelijke smeermiddelen<\/li>\n<li>Uitstekende lastdragende en anti-slijtage-eigenschappen die systeemcomponenten beschermen tegen slijtage en schuren en zorgen voor een lange levensduur van de apparatuur<\/li>\n<li>De afschuifstabiele hoge viscositeitsindex draagt \u200b\u200bbij aan de bescherming van de componenten bij uiteenlopende temperaturen<\/li>\n<li>Uitstekende thermische\/oxidatiestabiliteit die kan helpen de uitvaltijd en kosten voor onderhoud te verminderen door bij te dragen aan de netheid van het systeem en de vermindering van afzettingen, waardoor een lange levensduur van de olie en het filter mogelijk wordt<\/li>\n<li>Uitstekende waterafscheiding zorgt voor gemakkelijke waterverwijdering bij toepassingen onder de waterlijn<\/li>\n<li>Goede compatibiliteit met elastomeren, het werkt goed met dezelfde elastomeren die worden gebruikt met conventionele minerale hydraulische oli\u00ebn<\/li>\n<\/ul>\n<h2>Toepassingen<\/h2>\n<ul>\n<li>Marine Controllable Pitch Propellers (CPP), vinstabilisatoren, dekuitrusting, hydraulische systemen waarbij morsen of lekkage een negatieve impact op het milieu kan hebben<\/li>\n<li>In systemen waar gemakkelijk biologisch afbreekbare en minimaal giftige vloeistoffen nodig kunnen zijn<\/li>\n<li>Circulatiesystemen met tandwielen en lagers waarbij milde extreme-drukeigenschappen gewenst zijn<\/li>\n<li>Systemen met servokleppen<\/li>\n<li>Hydraulische systemen die werken met olietemperaturen in het bereik van -30C tot +100C<\/li>\n<li>Maritieme en mobiele apparatuur die wordt gebruikt in ecologisch kwetsbare gebieden<\/li>\n<li>Circulatiesystemen die werken onder milde tot matige gebruiksomstandigheden<\/li>\n<li>Industri\u00eble hydraulische systemen waarbij gelekte of gemorste vloeistoffen in het afvalwater van de fabriek terecht kunnen komen<\/li>\n<li>Luchtleidingoliespuiten en enkele beperkte systemen voor het genereren van olienevel<\/li>\n<\/ul>\n<h2>Specificaties en goedkeuringen<\/h2>\n<h3>Voldoet aan of overtreft de vereisten van<\/h3>\n<ul>\n<li>Amerikaanse EPA 2013 algemene vaartuigvergunning<\/li>\n<\/ul>\n","protected":false},"excerpt":{"rendered":"<p>De Mobil SHC Aware\u2122 H serie smeermiddelen zijn hoogwaardige, slijtagewerende hydraulische oli\u00ebn voor moderne hoge druk hydraulische systemen die voldoen aan de U.S. Environmental Protection Agency (EPA) 2013 Vessel General Permit (VGP) richtlijnen voor &#8220;milieuvriendelijke smeermiddelen&#8221;. Zij bieden uitstekende prestaties over een breed temperatuurbereik boven de mogelijkheden van niet-synthetische oli\u00ebn die aanvaardbaar zijn voor het milieu. De Mobil SHC Aware H Serie oli\u00ebn zijn speciaal geformuleerd op basis van ester basisoli\u00ebn en bieden uitzonderlijke anti-slijtage en filmsterkte eigenschappen die noodzakelijk zijn voor hydraulische systemen die onder hoge belasting en hoge druk werken.<\/p>\n","protected":false},"featured_media":10107,"template":"","meta":{"_acf_changed":false,"inline_featured_image":false},"product_brand":[],"product_cat":[204],"product_tag":[],"class_list":{"0":"post-9397","1":"product","2":"type-product","3":"status-publish","4":"has-post-thumbnail","6":"product_cat-hydraulische-olie","8":"first","9":"instock","10":"taxable","11":"shipping-taxable","12":"purchasable","13":"product-type-simple"},"acf":[],"_links":{"self":[{"href":"https:\/\/webshop.ingelbeen.be\/nl\/wp-json\/wp\/v2\/product\/9397","targetHints":{"allow":["GET"]}}],"collection":[{"href":"https:\/\/webshop.ingelbeen.be\/nl\/wp-json\/wp\/v2\/product"}],"about":[{"href":"https:\/\/webshop.ingelbeen.be\/nl\/wp-json\/wp\/v2\/types\/product"}],"wp:featuredmedia":[{"embeddable":true,"href":"https:\/\/webshop.ingelbeen.be\/nl\/wp-json\/wp\/v2\/media\/10107"}],"wp:attachment":[{"href":"https:\/\/webshop.ingelbeen.be\/nl\/wp-json\/wp\/v2\/media?parent=9397"}],"wp:term":[{"taxonomy":"product_brand","embeddable":true,"href":"https:\/\/webshop.ingelbeen.be\/nl\/wp-json\/wp\/v2\/product_brand?post=9397"},{"taxonomy":"product_cat","embeddable":true,"href":"https:\/\/webshop.ingelbeen.be\/nl\/wp-json\/wp\/v2\/product_cat?post=9397"},{"taxonomy":"product_tag","embeddable":true,"href":"https:\/\/webshop.ingelbeen.be\/nl\/wp-json\/wp\/v2\/product_tag?post=9397"}],"curies":[{"name":"wp","href":"https:\/\/api.w.org\/{rel}","templated":true}]}}