{"id":9487,"date":"2024-04-30T13:10:34","date_gmt":"2024-04-30T12:10:34","guid":{"rendered":"https:\/\/ingelbeen.kneet.be\/product\/mobil-shc-524\/"},"modified":"2024-06-26T16:09:02","modified_gmt":"2024-06-26T15:09:02","slug":"mobil-shc-524","status":"publish","type":"product","link":"https:\/\/webshop.ingelbeen.be\/nl\/product\/mobil-shc-524\/","title":{"rendered":"Mobil SHC 524"},"content":{"rendered":"<div class=\"productdetails wissen\">\n<div class=\"productkenmerkbeschrijving\">\n<div class=\"waardebeschrijving\">\n<p> Mobil SHC\u2122 500-serie oli\u00ebn zijn hydraulische oli\u00ebn met uitzonderlijke prestaties, samengesteld uit gesynthetiseerde, wasvrije koolwaterstofbasisvloeistoffen gecombineerd met een zorgvuldig ontwikkeld supergestabiliseerd additievensysteem. Het zijn uitzonderlijk hoge kwaliteit, afschuifstabiele hydraulische oli\u00ebn voor brede temperaturen, met gecontroleerde verpompbaarheid bij lage temperaturen en maximale bescherming tegen slijtage voor hogedruk schotten-, zuiger- en tandwielpompen. De producten vertonen zeer hoge viscositeitsindexen die bijdragen aan hun uitstekende prestaties bij lage en hoge temperaturen, waardoor ze een uitstekende keuze zijn voor apparatuur die wordt blootgesteld aan een breed scala aan opstart- en bedrijfstemperaturen. De oli\u00ebn uit de Mobil SHC 500-serie vertonen een uitstekende afschuifstabiliteit, waardoor ze gedurende langere tijd kunnen worden gebruikt in bedrijfsomgevingen met hoge druk en hoge temperaturen, zonder verlies van kritische smeereigenschappen.<\/p>\n<p> De oli\u00ebn uit de Mobil SHC 500-serie zorgen voor een lange levensduur van de olie\/filter en een optimale bescherming van de apparatuur, waardoor zowel de onderhouds- als de afvoerkosten van het product kunnen worden verlaagd. Ze zijn ontwikkeld in samenwerking met de belangrijkste OEM&#8217;s om te voldoen aan de strenge eisen van zware hydraulische systemen die gebruik maken van hogedrukpompen met hoog vermogen. Ook voldoen ze aan de kritische eisen van andere hydraulische systeemcomponenten, zoals servokleppen met nauwe speling en de numeriek bestuurde hoge nauwkeurigheid. (NC) werktuigmachines. Deze producten voldoen aan enkele van de strengste prestatie-eisen van een breed scala aan fabrikanten van hydraulische systemen en componenten, waarbij gebruik wordt gemaakt van verschillende multi-metallurgische ontwerpen, waardoor \u00e9\u00e9n enkel product met uitzonderlijke prestatiekenmerken in een breed scala aan apparatuur wordt gegarandeerd. Ze zijn ontworpen om te werken met systemen die werken onder zware omstandigheden waar een hoog niveau van bescherming tegen slijtage en filmsterkte nodig is, maar ze zijn toch geformuleerd om te werken waar niet-slijtage hydraulische oli\u00ebn over het algemeen worden aanbevolen.<\/p>\n<p> * Het energiezuinige ontwerp is een handelsmerk van Exxon Mobil Corporation. Energie-effici\u00ebntie heeft uitsluitend betrekking op de vloeistofprestaties in vergelijking met de standaard hydraulische vloeistoffen van ExxonMobil. De gebruikte technologie maakt een tot 6 procent hogere effici\u00ebntie van de hydraulische pompen mogelijk vergeleken met de Mobil DTE 20-serie, wanneer getest in standaard hydraulische toepassingen. De claim voor energie-effici\u00ebntie voor dit product is gebaseerd op testresultaten over het gebruik van de vloeistof, uitgevoerd in overeenstemming met de toepasselijke industri\u00eble normen en protocollen. Effici\u00ebntieverbeteringen zullen vari\u00ebren afhankelijk van de bedrijfsomstandigheden en toepassingen.<\/p><\/div><\/div><\/div>\n<h2>Functie en potenti\u00eble voordelen<\/h2>\n<p> De hydraulische oli\u00ebn uit de Mobil SHC 500-serie vertonen uitstekende prestaties bij lage en hoge temperaturen en helpen een extra marge aan apparatuurbescherming te bieden die verder gaat dan de mogelijkheden van vergelijkbare op minerale olie gebaseerde producten. Hun uitstekende oxidatieweerstand maakt verlenging van de olie- en filtervervangingsintervallen mogelijk, terwijl uitzonderlijk schone systemen en een probleemloze werking worden gegarandeerd. Hun hoge antislijtage-eigenschappen en uitstekende filmsterkte-eigenschappen resulteren in uitzonderlijke prestaties van de apparatuur die ongeplande uitval van apparatuur helpen voorkomen en de uptime van apparatuur maximaliseren, wat potenti\u00eble verbeteringen in de productiecapaciteit mogelijk kan maken. Door hun gecontroleerde waterafscheiding kunnen de oli\u00ebn goed werken in systemen die zijn verontreinigd met kleine hoeveelheden water, maar toch gemakkelijk grote hoeveelheden water afscheiden.<\/p>\n<table class=\"tabel table-striped\">\n <thoofd>\n<tr>\n<th>Functies<\/th>\n<th>Voordelen en potenti\u00eble voordelen<\/th>\n<\/tr>\n<\/thead>\n<p> <tlichaam><\/p>\n<tr>\n<td>Ontwerpspecifiek synthetisch basismateriaal<\/td>\n<td>Helpt de onderhoudsintervallen te verlengen, Schoner systeem en minder vastzittende kleppen met nauwe tolerantie vergeleken met conventionele producten, Helpt de filterbaarheid te verbeteren<\/td>\n<\/tr>\n<tr>\n<td>Uitzonderlijke anti-slijtage<\/td>\n<td>Helpt de slijtage van componenten te verminderen, Helpt systemen te beschermen die gebruik maken van verschillende metallurgie<\/td>\n<\/tr>\n<tr>\n<td>Hoge viscositeitsindex<\/td>\n<td>Prestaties bij een breed temperatuurbereik, Helpt de bescherming van apparatuur te garanderen bij lage opstarttemperaturen, Helpt systeemcomponenten te beschermen bij hoge bedrijfstemperaturen<\/td>\n<\/tr>\n<tr>\n<td>Uitstekende oxidatiestabiliteit<\/td>\n<td>Helpt bij het zorgen voor een lange levensduur van olie en apparatuur, waardoor de levensduur van het filter kan worden verlengd<\/td>\n<\/tr>\n<tr>\n<td>Uitstekende corrosiebescherming<\/td>\n<td>Helpt corrosie van het interne hydraulisch systeem te voorkomen, Helpt de negatieve effecten van vocht in systemen te verminderen, Helpt corrosiebescherming te bieden bij ontwerpen van multi-metallurgische componenten<\/td>\n<\/tr>\n<tr>\n<td>Zeer goede compatibiliteit met meerdere metalen<\/td>\n<td>Helpt de voorraadvereisten te optimaliseren<\/td>\n<\/tr>\n<tr>\n<td>Voldoet aan een breed scala aan apparatuurvereisten<\/td>\n<td>E\u00e9n product kan meerdere producten vervangen, waardoor de voorraadvereisten worden geoptimaliseerd en mogelijke verkeerde toepassing van producten wordt tegengegaan<\/td>\n<\/tr>\n<tr>\n<td>Uitstekende luchtscheidingseigenschappen<\/td>\n<td>Helpt schuimvorming en de negatieve effecten ervan te verminderen<\/td>\n<\/tr>\n<tr>\n<td>Gecontroleerde waterafscheidendheid<\/td>\n<td>Biedt systemen bescherming en smering waar kleine hoeveelheden vocht aanwezig zijn<\/td>\n<\/tr>\n<tr>\n<td>Scheidt gemakkelijk grotere hoeveelheden water af<\/td>\n<\/tr>\n<tr>\n<td>Innovatieve Keep Clean-eigenschappen<\/td>\n<td>Helpt systeemafzettingen en mogelijke slibvorming te verminderen, helpt kritische componenten zoals servokleppen te beschermen, verbetert de systeemrespons en minimaliseert het vastzitten van kleppen<\/td>\n<\/tr>\n<p> <\/tlichaam><br \/>\n <\/tabel><\/p>\n<h2>Toepassingen<\/h2>\n<ul>\n<li>Hydraulische systemen die vatbaar zijn voor afzettingen, zoals geavanceerde numeriek bestuurde (NC) machines, vooral wanneer servokleppen met nauwe speling worden gebruikt<\/li>\n<li>Systemen die gebruik maken van ontwerpen met meerdere metalen componenten<\/li>\n<li>Hogedruk schotten-, zuiger- en tandwielpompen<\/li>\n<li>Systemen waarbij koude start en\/of zeer hoge bedrijfstemperaturen typisch zijn<\/li>\n<li>Waar kleine hoeveelheden water onvermijdelijk zijn<\/li>\n<li>In systemen met tandwielen en lagers<\/li>\n<li>Systemen die een hoge mate van draagvermogen en bescherming tegen slijtage vereisen<\/li>\n<li>Toepassingen waarbij bescherming tegen corrosie door een dunne oliefilm een \u200b\u200btroef is, zoals in systemen die vocht bevatten<\/li>\n<\/ul>\n<h2>Specificaties en goedkeuringen<\/h2>\n<h3>Dit product heeft de volgende bouwergoedkeuringen<\/h3>\n<ul>\n<li>Denison HF-0<\/li>\n<li>Denison HF-1<\/li>\n<li>Denison HF-2<\/li>\n<\/ul>\n","protected":false},"excerpt":{"rendered":"<p>De Mobil SHC\u2122 500 Serie oli\u00ebn zijn uitzonderlijk presterende hydraulische oli\u00ebn samengesteld uit synthetische, wasvrije koolwaterstofhoudende basisvloeistoffen gecombineerd met een zorgvuldig ontwikkeld super stabiel additievensysteem.<\/p>\n","protected":false},"featured_media":10131,"template":"","meta":{"_acf_changed":false,"inline_featured_image":false},"product_brand":[],"product_cat":[204],"product_tag":[],"class_list":{"0":"post-9487","1":"product","2":"type-product","3":"status-publish","4":"has-post-thumbnail","6":"product_cat-hydraulische-olie","8":"first","9":"instock","10":"taxable","11":"shipping-taxable","12":"purchasable","13":"product-type-simple"},"acf":[],"_links":{"self":[{"href":"https:\/\/webshop.ingelbeen.be\/nl\/wp-json\/wp\/v2\/product\/9487","targetHints":{"allow":["GET"]}}],"collection":[{"href":"https:\/\/webshop.ingelbeen.be\/nl\/wp-json\/wp\/v2\/product"}],"about":[{"href":"https:\/\/webshop.ingelbeen.be\/nl\/wp-json\/wp\/v2\/types\/product"}],"wp:featuredmedia":[{"embeddable":true,"href":"https:\/\/webshop.ingelbeen.be\/nl\/wp-json\/wp\/v2\/media\/10131"}],"wp:attachment":[{"href":"https:\/\/webshop.ingelbeen.be\/nl\/wp-json\/wp\/v2\/media?parent=9487"}],"wp:term":[{"taxonomy":"product_brand","embeddable":true,"href":"https:\/\/webshop.ingelbeen.be\/nl\/wp-json\/wp\/v2\/product_brand?post=9487"},{"taxonomy":"product_cat","embeddable":true,"href":"https:\/\/webshop.ingelbeen.be\/nl\/wp-json\/wp\/v2\/product_cat?post=9487"},{"taxonomy":"product_tag","embeddable":true,"href":"https:\/\/webshop.ingelbeen.be\/nl\/wp-json\/wp\/v2\/product_tag?post=9487"}],"curies":[{"name":"wp","href":"https:\/\/api.w.org\/{rel}","templated":true}]}}