{"id":9523,"date":"2024-04-30T13:10:33","date_gmt":"2024-04-30T12:10:33","guid":{"rendered":"https:\/\/ingelbeen.kneet.be\/product\/mobil-pyrolube-830\/"},"modified":"2024-06-26T16:09:00","modified_gmt":"2024-06-26T15:09:00","slug":"mobil-pyrolube-830","status":"publish","type":"product","link":"https:\/\/webshop.ingelbeen.be\/nl\/product\/mobil-pyrolube-830\/","title":{"rendered":"Mobil Pyrolube 830"},"content":{"rendered":"<div class=\"productdetails wissen\">\n<div class=\"productkenmerkbeschrijving\">\n<div class=\"waardebeschrijving\">\n<p> Mobil Pyrolube 830 is een superieur smeermiddel voor hoge temperaturen, gemaakt uit een mengsel met een hoog molecuulgewicht<br \/>\n synthetische koolwaterstoffen en esters met een speciaal anti-slijtage additievenpakket. Het biedt zuinige high<br \/>\n temperatuursmering in toepassingen die onderhevig zijn aan de zwaarste oxiderende omstandigheden.<\/p><\/div><\/div><\/div>\n<h2>Functie en potenti\u00eble voordelen<\/h2>\n<p> Mobil Pyrolube 830 biedt de volgende voordelen:<\/p>\n<p> \u00b7 Bewezen uitstekende prestaties bij temperaturen tot 230\u00baC<br \/>\n \u00b7 Laat geen koolstofhoudende afzettingen of slib achter<br \/>\n \u00b7 Bestand tegen verdamping en zorgt voor langdurige smering<br \/>\n \u00b7 Geen hinderlijke geuren of emissies<br \/>\n \u00b7 Biedt uitstekende smering en bescherming tegen slijtage<br \/>\n \u00b7 Toegepast met conventionele apparatuur<br \/>\n \u00b7 Verbeterde smering kan resulteren in een lager energieverbruik<\/p>\n<h2>Toepassingen<\/h2>\n<p> Mobil Pyrolube 830 wordt aanbevolen als smeermiddel voor ovenkettingschakels bij hoge temperatuurprocessen in de oven<br \/>\n minerale wol, keramiek, textiel, papier, hout, glas, verf, glasvezel, voedingsmiddelen en chemische industrie\u00ebn. Bij deze en<br \/>\n Bij soortgelijke toepassingen kunnen de anti-slijtage- en lange levensduur-eigenschappen worden gebruikt om continu effectief te zijn<br \/>\n smering met minimaal verbruik.<br \/>\n Mobil Pyrolube 830 wordt ook aanbevolen voor gebruik in de smeersystemen van glasmachines en<br \/>\n andere toepassingen die onderhevig zijn aan hoge temperaturen, zoals wiellagers van ovenwagens, lagers van ovenventilatoren enz. (<br \/>\n Voor versnellingsbakken is \u00e9\u00e9n van de Mobilgear SHC XMP-oli\u00ebn een voorkeurssmeermiddel. ).<br \/>\n Mobil Pyrolube 830 kan worden aangebracht met de meeste conventionele injectie-, spat- en spuitmethoden. Het is raadzaam om<br \/>\n maak de kettingen grondig schoon voordat u overstapt op Mobil Pyrolube 830, omdat door de lucht verspreide en andere onzuiverheden dat wel doen<br \/>\n blijven plakken aan slib en afzettingen van eerder gebruikte conventionele smeermiddelen op basis van minerale olie. Dergelijke deposito&#8217;s<br \/>\n kan ook voorkomen dat Mobil Pyrolube 830 de delen van de ketting bereikt die aan slijtage onderhevig zijn.<\/p>\n","protected":false},"excerpt":{"rendered":"<p>Mobil Pyrolube 830 is een superieur hogetemperatuursmeermiddel gemaakt van een mengsel van synthetische koolwaterstoffen en esters met een hoog moleculair gewicht, aangevuld met een speciaal anti-slijtage additievenpakket. Het biedt economische hogetemperatuursmering in toepassingen die onderhevig zijn aan de meest ernstige oxidatieve omstandigheden.<\/p>\n","protected":false},"featured_media":10104,"template":"","meta":{"_acf_changed":false,"inline_featured_image":false},"product_brand":[],"product_cat":[182],"product_tag":[],"class_list":{"0":"post-9523","1":"product","2":"type-product","3":"status-publish","4":"has-post-thumbnail","6":"product_cat-diverse","8":"first","9":"instock","10":"taxable","11":"shipping-taxable","12":"purchasable","13":"product-type-simple"},"acf":[],"_links":{"self":[{"href":"https:\/\/webshop.ingelbeen.be\/nl\/wp-json\/wp\/v2\/product\/9523","targetHints":{"allow":["GET"]}}],"collection":[{"href":"https:\/\/webshop.ingelbeen.be\/nl\/wp-json\/wp\/v2\/product"}],"about":[{"href":"https:\/\/webshop.ingelbeen.be\/nl\/wp-json\/wp\/v2\/types\/product"}],"wp:featuredmedia":[{"embeddable":true,"href":"https:\/\/webshop.ingelbeen.be\/nl\/wp-json\/wp\/v2\/media\/10104"}],"wp:attachment":[{"href":"https:\/\/webshop.ingelbeen.be\/nl\/wp-json\/wp\/v2\/media?parent=9523"}],"wp:term":[{"taxonomy":"product_brand","embeddable":true,"href":"https:\/\/webshop.ingelbeen.be\/nl\/wp-json\/wp\/v2\/product_brand?post=9523"},{"taxonomy":"product_cat","embeddable":true,"href":"https:\/\/webshop.ingelbeen.be\/nl\/wp-json\/wp\/v2\/product_cat?post=9523"},{"taxonomy":"product_tag","embeddable":true,"href":"https:\/\/webshop.ingelbeen.be\/nl\/wp-json\/wp\/v2\/product_tag?post=9523"}],"curies":[{"name":"wp","href":"https:\/\/api.w.org\/{rel}","templated":true}]}}