{"id":9539,"date":"2024-04-30T13:10:32","date_gmt":"2024-04-30T12:10:32","guid":{"rendered":"https:\/\/ingelbeen.kneet.be\/product\/mobil-nuto-h-46-2\/"},"modified":"2024-06-26T16:08:58","modified_gmt":"2024-06-26T15:08:58","slug":"mobil-nuto-h-46-2","status":"publish","type":"product","link":"https:\/\/webshop.ingelbeen.be\/nl\/product\/mobil-nuto-h-46-2\/","title":{"rendered":"Mobil Nuto H 46"},"content":{"rendered":"<div class=\"productdetails wissen\">\n<div class=\"productkenmerkbeschrijving\">\n<div class=\"waardebeschrijving\">\n<p> Nuto\u2122 H-serie oli\u00ebn zijn anti-slijtage hydraulische oli\u00ebn van goede kwaliteit, bedoeld voor industri\u00eble en mobiele servicetoepassingen, onderworpen aan gematigde bedrijfsomstandigheden en waarvoor anti-slijtage smeermiddelen nodig zijn.<\/p>\n<p> Hun effectieve oxidatieweerstand en chemische stabiliteit ondersteunen een goede levensduur van de olie bij matige tot zware toepassingen.<\/p><\/div><\/div><\/div>\n<h2>Functie en potenti\u00eble voordelen<\/h2>\n<ul>\n<li>Goede antislijtageprestaties helpen de slijtage van de pomp te verminderen en de levensduur van de pomp te verlengen<\/li>\n<li>Corrosiebescherming helpt de effecten van vocht op systeemcomponenten te verminderen<\/li>\n<li>Filterbaarheid om filterverstopping te voorkomen, zelfs in de aanwezigheid van water<\/li>\n<\/ul>\n<h2>Toepassingen<\/h2>\n<ul>\n<li>Systemen die gebruik maken van tandwiel-, schoepen-, radiale en axiale zuigerpompen en systemen die tandwielen en lagers bevatten\u00a0 \u00a0 \u00a0 waarbij milde anti-slijtage-eigenschappen vereist zijn<\/li>\n<li>Waar verontreiniging of lekkage van hydraulische olie onvermijdelijk is<\/li>\n<li>Waar kleine hoeveelheden water onvermijdelijk zijn<\/li>\n<\/ul>\n<h2>Specificaties en goedkeuringen<\/h2>\n<h3>Voldoet aan of overtreft de vereisten van<\/h3>\n<ul>\n<li>DIN 51524-2:2006-09<\/li>\n<li>ISO L-HM (ISO 11158:1997)<\/li>\n<\/ul>\n<h3>Dit product heeft de volgende bouwergoedkeuringen<\/h3>\n<ul>\n<li>DENISON HF-0<\/li>\n<\/ul>\n","protected":false},"excerpt":{"rendered":"<p>De Nuto\u2122 H Serie oli\u00ebn zijn anti-slijtage hydraulische oli\u00ebn van goede kwaliteit en zijn bestemd voor industri\u00eble en mobiele toepassingen, onderhevig aan matige werkomstandigheden die anti-slijtage smeermiddelen verlangen.<\/p>\n","protected":false},"featured_media":10101,"template":"","meta":{"_acf_changed":false,"inline_featured_image":false},"product_brand":[],"product_cat":[204],"product_tag":[],"class_list":{"0":"post-9539","1":"product","2":"type-product","3":"status-publish","4":"has-post-thumbnail","6":"product_cat-hydraulische-olie","8":"first","9":"instock","10":"taxable","11":"shipping-taxable","12":"purchasable","13":"product-type-simple"},"acf":[],"_links":{"self":[{"href":"https:\/\/webshop.ingelbeen.be\/nl\/wp-json\/wp\/v2\/product\/9539","targetHints":{"allow":["GET"]}}],"collection":[{"href":"https:\/\/webshop.ingelbeen.be\/nl\/wp-json\/wp\/v2\/product"}],"about":[{"href":"https:\/\/webshop.ingelbeen.be\/nl\/wp-json\/wp\/v2\/types\/product"}],"wp:featuredmedia":[{"embeddable":true,"href":"https:\/\/webshop.ingelbeen.be\/nl\/wp-json\/wp\/v2\/media\/10101"}],"wp:attachment":[{"href":"https:\/\/webshop.ingelbeen.be\/nl\/wp-json\/wp\/v2\/media?parent=9539"}],"wp:term":[{"taxonomy":"product_brand","embeddable":true,"href":"https:\/\/webshop.ingelbeen.be\/nl\/wp-json\/wp\/v2\/product_brand?post=9539"},{"taxonomy":"product_cat","embeddable":true,"href":"https:\/\/webshop.ingelbeen.be\/nl\/wp-json\/wp\/v2\/product_cat?post=9539"},{"taxonomy":"product_tag","embeddable":true,"href":"https:\/\/webshop.ingelbeen.be\/nl\/wp-json\/wp\/v2\/product_tag?post=9539"}],"curies":[{"name":"wp","href":"https:\/\/api.w.org\/{rel}","templated":true}]}}