{"id":9563,"date":"2024-04-30T13:10:31","date_gmt":"2024-04-30T12:10:31","guid":{"rendered":"https:\/\/ingelbeen.kneet.be\/product\/mobil-glygoyle-11-2\/"},"modified":"2024-06-26T16:08:55","modified_gmt":"2024-06-26T15:08:55","slug":"mobil-glygoyle-11-2","status":"publish","type":"product","link":"https:\/\/webshop.ingelbeen.be\/nl\/product\/mobil-glygoyle-11-2\/","title":{"rendered":"Mobil Glygoyle 11"},"content":{"rendered":"<div class=\"productdetails wissen\">\n<div class=\"productkenmerkbeschrijving\">\n<div class=\"waardebeschrijving\">\n<p> Mobil Glygoyle\u2122 11, 22 en 30 oli\u00ebn zijn op polyalkyleenglycol gebaseerde (PAG) hoogwaardige smeermiddelen die uitstekende smering bieden bij tandwiel-, lager- en circulatiesysteemtoepassingen bij extreme temperaturen in omstandigheden die de mogelijkheden van minerale oli\u00ebn ver te boven gaan.\u00a0Ze zijn afschuifstabiel en hebben een uitstekende weerstand tegen thermische degradatie, oxidatie en de vorming van slib en afzettingen.\u00a0Ze bevatten een gepatenteerd additievenpakket dat is ontworpen om de EP\/anti-slijtagebescherming, corrosie- en roestbescherming en schuimweerstand te verbeteren zonder afbreuk te doen aan de intrinsieke eigenschappen van de PAG-basisoli\u00ebn.<\/p>\n<p> Mobil Glygoyle 11,22, 30 hebben zeer hoge viscositeitsindexen en omdat ze wasvrij zijn, hebben ze extreem lage vloeipunten.\u00a0Hun wrijvings- en tractieco\u00ebffici\u00ebnten (bijvoorbeeld bij niet-conforme tandwiel- of lagercontacten) zijn lager dan die van minerale oli\u00ebn.\u00a0 Deze uitzonderlijke smerende eigenschappen helpen bij veel toepassingen lagere bedrijfstemperaturen te realiseren.<\/p>\n<p> Mobil Glygoyle 11,22 en 30 leveren al meer dan 25 jaar uitstekende prestaties in de zwaarste industri\u00eble toepassingen.\u00a0Ze worden aanbevolen voor gebruik door grote fabrikanten van plastic kalenders, papiermachinelagers, compressoren en tandwielen, en zijn de favoriete producten voor veel zware servicetoepassingen.<\/p><\/div><\/div><\/div>\n<h2>Functie en potenti\u00eble voordelen<\/h2>\n<p> Het smeermiddelmerk Mobil Glygoyle wordt over de hele wereld erkend en gewaardeerd vanwege zijn innovatie en uitstekende prestaties. De moleculair ontworpen synthetische polyalkyleenglycolproducten zijn speciaal gekozen voor gebruik in Mobil Glygoyle 11, 22 en 30 en demonstreren de voortdurende toewijding aan het gebruik van geavanceerde technologie om uitstekende productprestaties te leveren. Een sleutelfactor bij de ontwikkeling van Mobil Glygoyle 11, 22 en 30 waren de nauwe contacten tussen onze wetenschappers en toepassingsspecialisten met belangrijke OEM&#8217;s om ervoor te zorgen dat ons productaanbod uitzonderlijke prestaties zal leveren in de voortdurend evoluerende ontwerpen van industri\u00eble apparatuur.<\/p>\n<p> Mobil Glygoyle-producten zijn in de eerste plaats ontworpen om te voldoen aan de kritieke hoge temperatuurbehoeften van een verscheidenheid aan industri\u00eble apparatuur waar op mineralen gebaseerde en andere synthetische producten niet bevredigend konden presteren. Extra kenmerken zoals lage wrijving en tractie en gasabsorptie-eigenschappen resulteerden in nog bredere industri\u00eble toepassingsmogelijkheden. Mobil Glygoyle 11, 22 en 30 smeermiddelen bieden de volgende kenmerken en potenti\u00eble voordelen:<\/p>\n<table class=\"tabel table-striped\">\n <thoofd>\n<tr>\n<th>Functies<\/th>\n<th>Voordelen en potenti\u00eble voordelen<\/th>\n<\/tr>\n<\/thead>\n<p> <tlichaam><\/p>\n<tr>\n<td>Uitstekende thermische en oxidatieve stabiliteit en weerstand tegen slib- en afzettingsvorming<\/td>\n<td>Verlengde levensduur van het smeermiddel, hogere productie, minder geplande en ongeplande stilstand, lagere onderhoudskosten en vervangingsuitgaven<\/td>\n<\/tr>\n<tr>\n<td>Lage tractie- en wrijvingsco\u00ebffici\u00ebnten<\/td>\n<td>Verlaagde bedrijfstemperaturen, grotere effici\u00ebntie van de apparatuur en potentieel voor een lager energieverbruik en een langere levensduur van de afdichtingen. Minimaliseert de effecten van microslip in rolcontactlagers voor een langere levensduur van het element<\/td>\n<\/tr>\n<tr>\n<td>Zeer hoge thermische geleidbaarheid<\/td>\n<td>Helpt de bedrijfstemperatuur te verlagen, waardoor de levensduur van de batterij wordt verlengd.<\/td>\n<\/tr>\n<tr>\n<td>Uitstekende vloeibaarheid bij lage temperaturen<\/td>\n<td>Maakt een snellere opwarming mogelijk bij lage omgevingstemperaturen, wat resulteert in een lager energieverbruik en een soepelere werking.<\/td>\n<\/tr>\n<tr>\n<td>Verminderde tandslijtage bij hoge temperaturen voor zowel staal-op-staal als staal-op-brons metallurgie\u00ebn<\/td>\n<td>Verlaagde bedrijfskosten door minder slijtage, lagere bedrijfstemperatuur en soepelere werking<\/td>\n<\/tr>\n<tr>\n<td>Verminderde absorptie en viscositeitsreductie bij koolwaterstofgassen onder druk<\/td>\n<td>Verbeterde filmbescherming en lange levensduur voor aardgascompressoren<\/td>\n<\/tr>\n<tr>\n<td>Multifunctionele industri\u00eble apparatuur<\/td>\n<td>Potentieel om minder producten te gebruiken met lagere voorraadkosten en minder kans op verkeerde smering<\/td>\n<\/tr>\n<p> <\/tlichaam><br \/>\n <\/tabel><\/p>\n<h2>Toepassingen<\/h2>\n<p> Mobil Glygoyle-smeermiddelen worden aanbevolen voor de zwaarste omstandigheden in alle soorten glij- en wentellagers en industri\u00eble gesloten tandwielen tot een bulkolietemperatuur van 200\u00baC.<\/p>\n<p> <strong>Specifieke toepassingen zijn onder meer:<\/strong><\/p>\n<ul>\n<li>Ernstige plastic kalenderoperaties<\/li>\n<li>Lagers voor papiermachines voor hoge temperaturen<\/li>\n<li>Industri\u00eble gesloten tandwielen \u2013 rechte, kegel- en wormwieloverbrengingen<\/li>\n<li>Reciprocerende en roterende lucht, aardgas, CO2 en andere procesgassen<\/li>\n<\/ul>\n<p> &nbsp;<\/p>\n<p> <strong>Toepassingsopmerkingen<\/strong><br \/>\n Smeermiddelen op basis van polyalkyleenglycol (PAG) hebben een aantal inherente uitstekende smeereigenschappen die worden verleend door de PAG-basisolie. Op PAG gebaseerde smeermiddelen hebben echter beperkingen met betrekking tot de compatibiliteit met afdichtings- en coatingmaterialen, sommige varianten van lichte metaallegeringen en andere smeermiddelen.\u00a0 Voordat u een PAG-smeermiddel aanbrengt, dient u contact op te nemen met de fabrikant van de originele apparatuur voor specifiek advies over de toepassing.<\/p>\n<p> <strong>Compatibiliteit met andere smeermiddelen<\/strong><br \/>\n Mobil Glygoyle 11, 22 en 30 zijn niet compatibel met minerale oli\u00ebn en de meeste andere synthetische smeermiddelen.\u00a0 Bovendien zijn ze, afhankelijk van het specifieke type PAG-basisvloeistof, mogelijk niet compatibel met andere PAG-smeermiddelen. (bijv. Mobil Glygoyle 11, 22, 30 en Mobil Glygoyle ISO VG-serie zijn niet mengbaar) Mobil Glygoyle 11, 22 en 30 worden over het algemeen niet aanbevolen voor gebruik in systemen die eerder gevuld waren met minerale oli\u00ebn of synthetische smeermiddelen op PAO-basis.\u00a0 Het wordt verder aanbevolen om de compatibiliteit te controleren bij het bijvullen of vervangen van bestaande PAG-vullingen met Mobil Glygoyle-producten. Over het algemeen verdient het de voorkeur om mengsels te vermijden door aftappen, spoelen en opnieuw vullen. Bij het overstappen van minerale olie of andere synthetische producten naar Mobil Glygoyle-producten is het raadzaam Het is van cruciaal belang dat u het systeem voorafgaand aan de conversie grondig reinigt en doorspoelt met geschikte vloeistoffen. Neem voor meer informatie contact op met uw ExxonMobil-vertegenwoordiger.<\/p>\n<p> <strong>Water<\/strong><br \/>\n Mobil Glygoyle 11, 22 en 30 zijn, samen met alle op PAG gebaseerde smeermiddelen, hygroscopisch en absorberen meer water dan voorheen minerale oli\u00ebn of synthetische koolwaterstoffen. Daarom moet er extra op worden gelet dat PAG-oli\u00ebn niet aan overmatig vocht worden blootgesteld.\u00a0 Vanwege het inherente hoge soortelijk gewicht zakt het water niet naar de bodem van de reservoirs, maar blijft het bovenop het smeermiddel liggen.<\/p>\n<p> <strong>Compatibiliteit met afdichtingen<\/strong><br \/>\n Smeermiddelen op PAG-basis zijn niet compatibel met de meeste standaard afdichtingsmaterialen die worden gebruikt voor minerale oli\u00ebn of synthetische koolwaterstoffen. Incompatibele materialen zullen waarschijnlijk krimpen of opzwellen, waardoor ernstige lekkage of vastlopen van de afdichting ontstaat. Bij het omzetten van minerale olie of synthetische koolwaterstoffen naar Mobil Glygoyle 11, 22 of 30 moet rekening worden gehouden met de compatibiliteit van de afdichtingen. FKM en VMQ zijn normaal gesproken geschikt voor gebruik met PAG.\u00a0 NBR-materialen kunnen worden gebruikt, maar hebben een beperkt temperatuurbereik. \u00a0\u00a0\u00a0In alle gevallen moet rekening worden gehouden met de bedrijfsomstandigheden en de variabiliteit van de elastomeereigenschappen van verschillende fabrikanten.\u00a0 Voor de beste resultaten dient u de leverancier van de apparatuur of de fabrikant van de afdichtingen te raadplegen voor specifieke aanbevelingen.<\/p>\n<p> <strong>Lichte metaallegeringen<\/strong><br \/>\n Mobil Glygoyle 11, 22 en 30 en PAG-smeermiddelen zijn zeer geschikt voor tandwieltoepassingen met ferro- en de meeste non-ferromaterialen.\u00a0 Mobil Glygoyle-producten en PAG-smeermiddelen worden echter niet aanbevolen voor gebruik met lichte metaallegeringen die aluminium of magnesium bevatten.\u00a0 PAG-smeermiddelen kunnen bij gebruik met dergelijke lichte metaallegeringen tot verhoogde slijtage leiden.\u00a0 Raadpleeg de fabrikant van de originele uitrusting voor aanvullende informatie.<\/p>\n<p> <strong>Andere materialen<\/strong><br \/>\n Verven, coatings en sommige kunststoffen zijn niet geschikt voor gebruik met PAG-smeermiddelen. Over het algemeen zijn tweecomponentenverven (reactieve verven, epoxyharsen) geschikt voor gebruik voor binnencoatings die in contact komen met het smeermiddel. \u00a0Anders moeten interieurs die in contact komen met het smeermiddel ongecoat blijven.\u00a0 Materialen die worden gebruikt voor oliepeilmeters, inspectiedeuren etc. moeten bij voorkeur zijn gemaakt van natuurlijk glas of polyamide. Andere transparante kunststoffen, b.v. Plexiglas kan onder spanning verslechteren en barsten.<\/p>\n","protected":false},"excerpt":{"rendered":"<p>De Mobil Glygoyle\u2122 serie oli\u00ebn zijn samengesteld op basis van polyalkyleenglycol (PAG) en bieden uitstekende smeereigenschappen in tandwiel-, lager- en circulatie toepassingen bij extreme temperaturen, waar de mogelijkheden van minerale oli\u00ebn ontoereikend zijn.<\/p>\n","protected":false},"featured_media":10107,"template":"","meta":{"_acf_changed":false,"inline_featured_image":false},"product_brand":[],"product_cat":[182],"product_tag":[],"class_list":{"0":"post-9563","1":"product","2":"type-product","3":"status-publish","4":"has-post-thumbnail","6":"product_cat-diverse","8":"first","9":"instock","10":"taxable","11":"shipping-taxable","12":"purchasable","13":"product-type-simple"},"acf":[],"_links":{"self":[{"href":"https:\/\/webshop.ingelbeen.be\/nl\/wp-json\/wp\/v2\/product\/9563","targetHints":{"allow":["GET"]}}],"collection":[{"href":"https:\/\/webshop.ingelbeen.be\/nl\/wp-json\/wp\/v2\/product"}],"about":[{"href":"https:\/\/webshop.ingelbeen.be\/nl\/wp-json\/wp\/v2\/types\/product"}],"wp:featuredmedia":[{"embeddable":true,"href":"https:\/\/webshop.ingelbeen.be\/nl\/wp-json\/wp\/v2\/media\/10107"}],"wp:attachment":[{"href":"https:\/\/webshop.ingelbeen.be\/nl\/wp-json\/wp\/v2\/media?parent=9563"}],"wp:term":[{"taxonomy":"product_brand","embeddable":true,"href":"https:\/\/webshop.ingelbeen.be\/nl\/wp-json\/wp\/v2\/product_brand?post=9563"},{"taxonomy":"product_cat","embeddable":true,"href":"https:\/\/webshop.ingelbeen.be\/nl\/wp-json\/wp\/v2\/product_cat?post=9563"},{"taxonomy":"product_tag","embeddable":true,"href":"https:\/\/webshop.ingelbeen.be\/nl\/wp-json\/wp\/v2\/product_tag?post=9563"}],"curies":[{"name":"wp","href":"https:\/\/api.w.org\/{rel}","templated":true}]}}