{"id":9583,"date":"2024-04-30T13:10:31","date_gmt":"2024-04-30T12:10:31","guid":{"rendered":"https:\/\/ingelbeen.kneet.be\/product\/mobil-glygoyle-460-2\/"},"modified":"2024-06-26T16:08:56","modified_gmt":"2024-06-26T15:08:56","slug":"mobil-glygoyle-460-2","status":"publish","type":"product","link":"https:\/\/webshop.ingelbeen.be\/nl\/product\/mobil-glygoyle-460-2\/","title":{"rendered":"Mobil Glygoyle 460"},"content":{"rendered":"<div class=\"productdetails wissen\">\n<div class=\"productkenmerkbeschrijving\">\n<div class=\"waardebeschrijving\">\n<p> De smeermiddelen uit de Mobil Glygoyle\u2122-serie zijn tandwiel-, lager- en compressoroli\u00ebn met superieure prestaties, ontworpen om uitstekende voordelen te bieden op het gebied van effici\u00ebntie, lange levensduur van de olie en bescherming van apparatuur. Deze volledig synthetische polyalkyleenglycol (PAG) smeermiddelen zijn ontwikkeld voor gebruik onder bedrijfsomstandigheden die de mogelijkheden van andere synthetische smeermiddelen en minerale oli\u00ebn te boven gaan.\u00a0Hun lage stolpunten zorgen voor een uitstekende vloeibaarheid bij lage temperaturen. De ISO 150 tot 1000-klassen zijn NSF H1-geregistreerde smeermiddelen en voldoen ook aan Titel 21 CFR 178.3570 van de Food and Drug Administration (VS) voor smeermiddelen die incidenteel met voedsel in contact komen.<\/p>\n<ul>\n<li>Uitzonderlijke EP\/antislijtagebescherming voor kritische apparatuurcomponenten<\/li>\n<li>Een hoog niveau van micropitting-bescherming voor gevoelige versnellingssystemen<\/li>\n<li>Bescherming tegen roest en corrosie tijdens gebruik<\/li>\n<li>Weerstand tegen schuimvorming<\/li>\n<li>Uitstekende smerende werking inherent aan dit volledig synthetische smeermiddel<\/li>\n<li>Lage tractieco\u00ebffici\u00ebnt, wat resulteert in een hogere energie-effici\u00ebntie en lagere temperaturen van bulkolie\/systeem<\/li>\n<li>Zeer goede thermische en oxidatieve stabiliteit om slibvorming en afzettingen te verminderen<\/li>\n<\/ul><\/div><\/div><\/div>\n<h2>Functie en potenti\u00eble voordelen<\/h2>\n<p> De Mobil Glygoyle-serie volledig synthetische oli\u00ebn is speciaal ontworpen om beter te presteren dan minerale en PAO-synthetische smeermiddelen in tandwiel- en koolwaterstofgascompressietoepassingen. In wormwieloverbrengingen zorgen de unieke eigenschappen van deze oli\u00ebn ervoor dat er meer koppel door het reductiemiddel kan worden gestuurd, terwijl in veel gevallen de bedrijfstemperatuur van het oliecarter wordt verlaagd, wat resulteert in een langere levensduur van de afdichtingen, de olie en de versnellingsbak. In gascompressoren zorgt de beperkte oplosbaarheid van koolwaterstoffen in de Mobil Glygoyle-serie voor een verminderde verdunning van het smeermiddel en een betere bescherming van de apparatuur.<\/p>\n<p> Kenmerken vergeleken met andere minerale, synthetische en PAG-smeermiddelen:<\/p>\n<p> Algemeen: Er zijn verschillende soorten PAG-basisoli\u00ebn. De inherente eigenschappen van deze oli\u00ebn kunnen verschillen, afhankelijk van de grondstoffen en processen die bij de vervaardiging ervan worden gebruikt. Kenmerken die kunnen verschillen tussen verschillende PAG-oli\u00ebn zijn onder meer hun tractieco\u00ebffici\u00ebnt (energie-effici\u00ebntie), thermische geleidbaarheid en oplosbaarheid met koolwaterstofoli\u00ebn, de neiging om water aan te trekken en eigenschappen bij lage temperaturen.<\/p>\n<p> Hoge effici\u00ebntie: ExxonMobil-onderzoekers hebben PAG-basisoli\u00ebn geselecteerd die een hoog niveau van energie-effici\u00ebntie bieden in vergelijking met minerale, PAO&#8217;s en andere PAG-oli\u00ebn. Dit, in combinatie met een verhoogde thermische geleidbaarheid van ongeveer 10% ten opzichte van minerale en PAO-oli\u00ebn, leidt tot lagere bedrijfstemperaturen en een langere levensduur van de componenten.<\/p>\n<p> Brede temperaturen: De Mobil Glygoyle-serie heeft zeer hoge VI&#8217;s, vari\u00ebrend van 170 voor ISO 68 tot 285 voor ISO 1000. Dit leidt tot een breed bedrijfstemperatuurbereik, verder dan dat van minerale en PAO-smeermiddelen.<\/p>\n<p> Roestbescherming: PAG-smeermiddelen, die zijn ontworpen om niet mengbaar te zijn met koolwaterstofoli\u00ebn, hebben de neiging water meer te absorberen dan minerale of PAO-oli\u00ebn. Vanwege de kans op hoge water-in-olie-niveaus moet ervoor worden gezorgd dat de vorming van roest op apparatuur wordt voorkomen.\u00a0 Oli\u00ebn uit de Mobil Glygoyle-serie doorstaan \u200b\u200bbelangrijke roesttests zoals de ASTM D665A en Bethlehem Steel-roesttestonderdelen A\/B, en krijgen een beoordeling van 0,0 in de DIN 51802 Emcor-roesttest met gedestilleerd water. Bovendien vertonen ze een goede compatibiliteit met gele metalen, met een beoordeling van 1B in de ASTM D130-test. Mobil Glygoyle Series wordt niet aanbevolen voor gebruik in gebieden waar zoutwaterverontreiniging wordt verwacht.<\/p>\n<p> Schuimbeheersing: Schuimbeheersing is belangrijk, vooral in dozen die &#8220;Sealed for Life&#8221; zijn.\u00a0De Mobil Glygoyle-serie levert uitstekende resultaten in alle drie de reeksen van de ASTM D 892-schuimtest.<\/p>\n<p> EP\/antislijtage: Het is belangrijk om de juiste mix van EP\/AW-bescherming te hebben, vooral bij wormwieloverbrengingen die brons en andere gele metalen bevatten.\u00a0De smeermiddelen uit de Glygoyle-serie vertonen uitstekende EP\/anti-slijtagebescherming met typische resultaten van 12+ in de DIN 51354-2 FZG-schuurtest, zeer lage kooi- en rolslijtage in de DIN 51819-3 FAG FE8-test, en uitstekende micropitting-bescherming met als resultaat van \u203a10-hoog in de FVA 54 micropitting-test (ISO 320).<\/p>\n<table class=\"tabel table-striped\">\n <thoofd>\n<tr>\n<th>Functies<\/th>\n<th>Voordelen en potenti\u00eble voordelen<\/th>\n<\/tr>\n<\/thead>\n<p> <tlichaam><\/p>\n<tr>\n<td>Hoge thermische en oxidatieve stabiliteit en uitstekende anti-slijtagebescherming<\/td>\n<td>Biedt uitstekende bescherming van de tandwielen onder zware belastingsfactoren, Verhoogde productie dankzij de langere levensduur van het smeermiddel, waardoor geplande en ongeplande stilstand voor routinematige smeermiddelverversingen wordt verminderd, Lagere onderhoudskosten en vervangingsuitgaven<\/td>\n<\/tr>\n<tr>\n<td>Lage wrijvings- en tractieco\u00ebffici\u00ebnten<\/td>\n<td>Verbeterde tandwieleffici\u00ebntie en lagere bedrijfstemperaturen van de olie voor lagere bedrijfskosten (energie) en een langere levensduur van de afdichtingen<\/td>\n<\/tr>\n<tr>\n<td>Hoge thermische geleidbaarheid<\/td>\n<td>Verlaagt de bedrijfstemperaturen bij de tandwielen en in de bulkolie door verbeterde warmteafvoer<\/td>\n<\/tr>\n<tr>\n<td>Hoge viscositeitsindex, laag vloeipunt en afwezigheid van was<\/td>\n<td>Eenvoudig opstarten vanwege de uitstekende vloeibaarheid bij lage temperaturen \u2013 vooral belangrijk voor een succesvolle werking van op afstand geplaatste apparatuur<\/td>\n<\/tr>\n<tr>\n<td>Zeer goede weerstand tegen corrosie en roest<\/td>\n<td>Uitstekende apparatuurbescherming, zelfs tijdens stilstand, zorgt voor een lange levensduur van de apparatuur en een soepele opstart, met bijbehorende besparingen op arbeids- en materiaalkosten<\/td>\n<\/tr>\n<tr>\n<td>Multifunctionele industri\u00eble apparatuur<\/td>\n<td>Potentieel om minder producten te gebruiken en lagere voorraadkosten<\/td>\n<\/tr>\n<p> <\/tlichaam><br \/>\n <\/tabel><\/p>\n<h2>Toepassingen<\/h2>\n<p> De Mobil Glygoyle-serie is speciaal ontworpen voor de smering van wormwieloverbrengingen, vooral voor zware toepassingen, zowel in food-grade als non-food-grade toepassingen. Bovendien heeft de productfamilie ook bewezen een uitstekend smeermiddel te zijn voor vele soorten industri\u00eble tandwielen en wentellagers onder zware gebruiksomstandigheden. Bovendien maakt hun slechte mengbaarheid met koolwaterstoffen de lagere viscositeitsklassen bijzonder effectief bij compressietoepassingen van koolwaterstofgas vanwege de verminderde viscositeitsverdunning die bij deze toepassing optreedt vergeleken met compressoroli\u00ebn op koolwaterstofbasis.<\/p>\n<p> De Mobil Glygoyle-serie wordt gebruikt voor de smering van gevulde tandwielkasten en zware wormwielen, andere industri\u00eble tandwieloverbrengingen in een grote verscheidenheid aan toepassingen, de smering van glij- en rollagers en de meeste typen compressoren.<\/p>\n<p> <strong>Specifieke toepassingen zijn onder meer:<\/strong><\/p>\n<ul>\n<li>Gevulde tandwielkasten voor de levensduur, vooral wormwieloverbrengingen met hoge verhouding\/laag rendement<\/li>\n<li>Wormwieltoepassingen zoals gebruikt in transportbanden, roltrappen, materiaalbehandeling, persaandrijvingen, verpakkingsmachines, skiliften, roerwerken en mixers<\/li>\n<li>Andere tandwiel- en lagertoepassingen in de cement-, metaalbewerkings-, kunststof-, voedingsmiddelen- en textielafwerkingsindustrie<\/li>\n<li>Gascompressie met behulp van zuiger-, roterende, schroef- en centrifugaalcompressoren in bedrijfsomstandigheden die verder gaan dan de mogelijkheden van andere synthetische smeermiddelen en minerale oli\u00ebn<\/li>\n<\/ul>\n<p> <strong>Toepassingsopmerkingen<\/strong><br \/>\n Smeermiddelen op basis van polyalkyleenglycol (PAG) hebben een aantal inherente uitstekende smeereigenschappen die worden verleend door de PAG-basisolie. Op PAG gebaseerde smeermiddelen hebben echter beperkingen met betrekking tot de compatibiliteit met afdichtings- en coatingmaterialen, sommige varianten van lichte metaallegeringen en andere smeermiddelen.\u00a0 Voordat u een PAG-smeermiddel aanbrengt, dient u contact op te nemen met de fabrikant van de oorspronkelijke apparatuur voor specifiek advies over de toepassing.<\/p>\n<p> <strong>Compatibiliteit met andere smeermiddelen<\/strong><br \/>\n De Mobil Glygoyle-serie is niet compatibel met minerale oli\u00ebn en de meeste andere synthetische smeermiddelen.\u00a0 Bovendien zijn ze, afhankelijk van het specifieke type PAG-basisvloeistof, mogelijk niet compatibel met andere PAG-smeermiddelen. (bijv. Mobil Glygoyle No Series en Mobil Glygoyle ISO VG Series zijn niet mengbaar). De Mobil Glygoyle-serie wordt over het algemeen niet aanbevolen voor gebruik in systemen die voorheen gevuld waren met minerale oli\u00ebn of synthetische smeermiddelen op PAO-basis.\u00a0 Het wordt verder aanbevolen om de compatibiliteit te controleren bij het bijvullen of vervangen van bestaande PAG-vullingen met de Mobil Glygoyle-serie. Over het algemeen verdient het de voorkeur om mengsels te vermijden door aftappen, spoelen en opnieuw vullen.<br \/>\n Bij het overstappen van minerale olie of andere synthetische producten naar de Mobil Glygoyle-serie is het van cruciaal belang om het systeem v\u00f3\u00f3r de ombouw grondig te reinigen en door te spoelen met geschikte vloeistoffen. Neem voor meer informatie contact op met uw ExxonMobil-vertegenwoordiger.<\/p>\n<p> <strong>Water<\/strong><br \/>\n Oli\u00ebn uit de Mobil Glygoyle-serie zijn, samen met alle op PAG gebaseerde smeermiddelen, hygroscopisch en absorberen meer water dan voorheen minerale oli\u00ebn of synthetische koolwaterstoffen. Daarom moet er extra op worden gelet dat PAG-oli\u00ebn niet aan overmatig vocht worden blootgesteld.\u00a0 Vanwege het inherente hoge soortelijk gewicht zakt het water niet naar de bodem van de reservoirs, maar blijft het bovenop het smeermiddel liggen.<\/p>\n<p> <strong>Compatibiliteit met afdichtingen<\/strong><br \/>\n Smeermiddelen op PAG-basis zijn niet compatibel met de meeste standaard afdichtingsmaterialen die worden gebruikt voor minerale oli\u00ebn of synthetische koolwaterstoffen. Incompatibele materialen zullen waarschijnlijk krimpen of opzwellen, waardoor ernstige lekkage of vastlopen van de afdichting ontstaat. Bij het omzetten van minerale olie of synthetische koolwaterstoffen naar de Mobil Glygoyle-serie moet rekening worden gehouden met de compatibiliteit van de afdichtingen. FKM en VMQ zijn normaal gesproken geschikt voor gebruik met PAG. \u00a0NBR-materialen kunnen worden gebruikt, maar hebben een beperkt temperatuurbereik.\u00a0In alle gevallen moet rekening worden gehouden met de bedrijfsomstandigheden en de variabiliteit van de elastomeereigenschappen van verschillende fabrikanten. \u00a0Voor de beste resultaten dient u de leverancier van de apparatuur of de fabrikant van de afdichtingen te raadplegen voor specifieke aanbevelingen.<\/p>\n<p> <strong>Lichte metaallegeringen<\/strong><br \/>\n De Mobil Glygoyle-serie en PAG-smeermiddelen zijn zeer geschikt voor tandwieltoepassingen met ferro- en de meeste non-ferromaterialen.\u00a0 Smeermiddelen uit de Mobil Glygoyle-serie en PAG worden echter niet aanbevolen voor gebruik met lichte metaallegeringen die aluminium of magnesium bevatten.\u00a0 PAG-smeermiddelen kunnen bij gebruik met dergelijke lichte metaallegeringen tot verhoogde slijtage leiden.\u00a0 Raadpleeg de fabrikant van de originele uitrusting voor aanvullende informatie.<\/p>\n<p> <strong>Andere materialen<\/strong><br \/>\n Verven, coatings en sommige kunststoffen zijn niet geschikt voor gebruik met PAG-smeermiddelen. Over het algemeen zijn tweecomponentenverven (reactieve verven, epoxyharsen) geschikt voor gebruik voor binnencoatings die in contact komen met het smeermiddel.\u00a0 Anders moeten interieurs die in contact komen met het smeermiddel ongecoat blijven.\u00a0 Materialen die worden gebruikt voor oliepeilmeters, inspectiedeuren etc. moeten bij voorkeur zijn gemaakt van natuurlijk glas of polyamide. Andere transparante kunststoffen (bijvoorbeeld plexiglas) kunnen onder spanning verslechteren en barsten.<\/p>\n<h2>Specificaties en goedkeuringen<\/h2>\n<h3>Voldoet aan of overtreft de vereisten van<\/h3>\n<ul>\n<li>FDA 21 CFR 178.3570<\/li>\n<li>NSF H1<\/li>\n<li>NSF-registratienummer 136642<\/li>\n<\/ul>\n<h3>Dit product heeft de volgende bouwergoedkeuringen<\/h3>\n<ul>\n<li>Vijf Cincinnati P-39<\/li>\n<\/ul>\n","protected":false},"excerpt":{"rendered":"<p>De Mobil Glygoyle\u2122 serie oli\u00ebn zijn samengesteld op basis van polyalkyleenglycol (PAG) en bieden uitstekende smeereigenschappen in tandwiel-, lager- en circulatie toepassingen bij extreme temperaturen, waar de mogelijkheden van minerale oli\u00ebn ontoereikend zijn.<\/p>\n","protected":false},"featured_media":10107,"template":"","meta":{"_acf_changed":false,"inline_featured_image":false},"product_brand":[],"product_cat":[182],"product_tag":[],"class_list":{"0":"post-9583","1":"product","2":"type-product","3":"status-publish","4":"has-post-thumbnail","6":"product_cat-diverse","8":"first","9":"instock","10":"taxable","11":"shipping-taxable","12":"purchasable","13":"product-type-simple"},"acf":[],"_links":{"self":[{"href":"https:\/\/webshop.ingelbeen.be\/nl\/wp-json\/wp\/v2\/product\/9583","targetHints":{"allow":["GET"]}}],"collection":[{"href":"https:\/\/webshop.ingelbeen.be\/nl\/wp-json\/wp\/v2\/product"}],"about":[{"href":"https:\/\/webshop.ingelbeen.be\/nl\/wp-json\/wp\/v2\/types\/product"}],"wp:featuredmedia":[{"embeddable":true,"href":"https:\/\/webshop.ingelbeen.be\/nl\/wp-json\/wp\/v2\/media\/10107"}],"wp:attachment":[{"href":"https:\/\/webshop.ingelbeen.be\/nl\/wp-json\/wp\/v2\/media?parent=9583"}],"wp:term":[{"taxonomy":"product_brand","embeddable":true,"href":"https:\/\/webshop.ingelbeen.be\/nl\/wp-json\/wp\/v2\/product_brand?post=9583"},{"taxonomy":"product_cat","embeddable":true,"href":"https:\/\/webshop.ingelbeen.be\/nl\/wp-json\/wp\/v2\/product_cat?post=9583"},{"taxonomy":"product_tag","embeddable":true,"href":"https:\/\/webshop.ingelbeen.be\/nl\/wp-json\/wp\/v2\/product_tag?post=9583"}],"curies":[{"name":"wp","href":"https:\/\/api.w.org\/{rel}","templated":true}]}}