{"id":9603,"date":"2024-04-30T13:10:31","date_gmt":"2024-04-30T12:10:31","guid":{"rendered":"https:\/\/ingelbeen.kneet.be\/product\/mobil-gear-oil-fe-75w\/"},"modified":"2024-06-26T16:08:54","modified_gmt":"2024-06-26T15:08:54","slug":"mobil-gear-oil-fe-75w","status":"publish","type":"product","link":"https:\/\/webshop.ingelbeen.be\/nl\/product\/mobil-gear-oil-fe-75w\/","title":{"rendered":"Mobil Gear Oil FE 75W"},"content":{"rendered":"<div class=\"productdetails wissen\">\n<div class=\"productkenmerkbeschrijving\">\n<div class=\"waardebeschrijving\">\n<p> Mobil Gear Oil FE 75W is een hoogwaardige transmissieolie gemengd met hoogwaardige minerale basisoli\u00ebn en een geavanceerd additievensysteem om te voldoen aan de eisen van Peugeot &amp; Citro\u00ebn\u2019s specificatie. Mobil Gear Oil FE 75W is speciaal ontwikkeld voor de handgeschakelde versnellingsbakken van PSA (Peugeot\/Citro\u00ebn) met ge\u00efntegreerde differenti\u00eblen. Dit product vervangt Mobil Gear Oil BV 75W-80 volledig.<\/p><\/div><\/div><\/div>\n<h2>Functie en potenti\u00eble voordelen<\/h2>\n<p> Mobil Gear Oil FE 75W is bestand tegen hoge temperaturen en beschermt tegen oxidatie. Mobil Gear Oil FE 75W zorgt voor een uitstekende koude vloei en soepel schakelen. Mobil Gear Oil FE 75W biedt voordelen op het gebied van brandstofbesparing (*) ten opzichte van Mobil Gear Oil BV 75W-80 (PSA Factory Fill-referentie B71 2330), terwijl dezelfde duurzaamheidsprestaties behouden blijven.<\/p>\n<h2>Toepassingen<\/h2>\n<p> Mobil Gear Oil FE 75W is de enige versnellingsbakolie die wordt gebruikt voor fabrieksvulling voor alle Peugeot &amp; Handgeschakelde versnellingsbakken van Citro\u00ebn gemonteerd op PSA-modellen in Europa. Het is ook volledig achterwaarts compatibel en geschikt voor gebruik in alle bestaande handgeschakelde transmissies van Peugeot en Citro\u00ebn in Europa.<\/p>\n<h2>Specificaties en goedkeuringen<\/h2>\n<h3>Voldoet aan of overtreft de vereisten van<\/h3>\n<ul>\n<li>Peugeot\/Citro\u00ebn-voertuigen B71 2310<\/li>\n<\/ul>\n","protected":false},"excerpt":{"rendered":"<p>Mobil Tandwielolie FE 75W is een geavanceerde versnellingsbakolie die specifiek is ontworpen om de effici\u00ebntie te verhogen en het brandstofverbruik te verminderen. Deze olie biedt uitstekende bescherming tegen slijtage en helpt het geluidsniveau van de versnellingsbak te verlagen.<\/p>\n","protected":false},"featured_media":10101,"template":"","meta":{"_acf_changed":false,"inline_featured_image":false},"product_brand":[],"product_cat":[209],"product_tag":[],"class_list":{"0":"post-9603","1":"product","2":"type-product","3":"status-publish","4":"has-post-thumbnail","6":"product_cat-transmissie-en-atf-olie","8":"first","9":"instock","10":"taxable","11":"shipping-taxable","12":"purchasable","13":"product-type-simple"},"acf":[],"_links":{"self":[{"href":"https:\/\/webshop.ingelbeen.be\/nl\/wp-json\/wp\/v2\/product\/9603","targetHints":{"allow":["GET"]}}],"collection":[{"href":"https:\/\/webshop.ingelbeen.be\/nl\/wp-json\/wp\/v2\/product"}],"about":[{"href":"https:\/\/webshop.ingelbeen.be\/nl\/wp-json\/wp\/v2\/types\/product"}],"wp:featuredmedia":[{"embeddable":true,"href":"https:\/\/webshop.ingelbeen.be\/nl\/wp-json\/wp\/v2\/media\/10101"}],"wp:attachment":[{"href":"https:\/\/webshop.ingelbeen.be\/nl\/wp-json\/wp\/v2\/media?parent=9603"}],"wp:term":[{"taxonomy":"product_brand","embeddable":true,"href":"https:\/\/webshop.ingelbeen.be\/nl\/wp-json\/wp\/v2\/product_brand?post=9603"},{"taxonomy":"product_cat","embeddable":true,"href":"https:\/\/webshop.ingelbeen.be\/nl\/wp-json\/wp\/v2\/product_cat?post=9603"},{"taxonomy":"product_tag","embeddable":true,"href":"https:\/\/webshop.ingelbeen.be\/nl\/wp-json\/wp\/v2\/product_tag?post=9603"}],"curies":[{"name":"wp","href":"https:\/\/api.w.org\/{rel}","templated":true}]}}