{"id":9621,"date":"2024-04-30T13:10:30","date_gmt":"2024-04-30T12:10:30","guid":{"rendered":"https:\/\/ingelbeen.kneet.be\/product\/mobil-gargoyle-arctic-shc-224\/"},"modified":"2024-06-26T16:08:53","modified_gmt":"2024-06-26T15:08:53","slug":"mobil-gargoyle-arctic-shc-224","status":"publish","type":"product","link":"https:\/\/webshop.ingelbeen.be\/nl\/product\/mobil-gargoyle-arctic-shc-224\/","title":{"rendered":"Mobil Gargoyle Arctic SHC 224"},"content":{"rendered":"<div class=\"productdetails wissen\">\n<div class=\"productkenmerkbeschrijving\">\n<div class=\"waardebeschrijving\">\n<p> De Mobil Gargoyle Arctic SHC\u2122 200-serie zijn volledig synthetische smeermiddelen met superieure prestaties, speciaal ontworpen voor gebruik in koelcompressoren en warmtepompen. Ze zijn samengesteld uit wasvrije, gesynthetiseerde koolwaterstofpolyalfaolefine (PAO) vloeistoffen, die een uitstekende weerstand hebben tegen thermische\/oxidatieve afbraak. Met hun van nature hoge afschuifstabiele viscositeitsindexen en vloeibaarheid bij lage temperaturen kunnen ze presteren onder zware gebruiksomstandigheden die de mogelijkheden van veel conventionele minerale oli\u00ebn te boven gaan. Hun oplosbaarheid en mengbaarheid met veelgebruikte koelmiddelen is laag, wat resulteert in een hogere filmdikte in aanwezigheid van koelmiddelen onder druk. Dit kan helpen om lekkage van de asafdichting te verminderen. Hun stabiliteit en lage vluchtigheidseigenschappen verminderen de \u2018light end stripping\u2019 die kan optreden bij conventionele minerale oli\u00ebn.\u00a0Smeermiddelen uit de Mobil Gargoyle Arctic SHC 200-serie kunnen wrijvingsverliezen helpen verminderen en de bedrijfseffici\u00ebntie van machines verbeteren.<\/p>\n<p> Mobil Gargoyle Arctic SHC 200-serie smeermiddelen worden aanbevolen voor de smering van koelcompressoren die bij zeer hoge temperaturen werken, en voor systemen met zeer lage verdampertemperaturen. Ze zijn geschikt voor compressorsystemen die gebruik maken van koudemiddelen zoals ammoniak en kooldioxide. Hun lage mengbaarheid met kooldioxide maakt ze een geschikte keuze voor schroefcompressoren die kooldioxide gebruiken. Ze zijn compatibel met de meest voorkomende koelmiddelen, behalve zwaveldioxide, en zijn bijzonder succesvol geweest in systemen die ammoniak als koelmiddel gebruiken.\u00a0De Mobil Gargoyle Arctic SHC 200-serie is volledig mengbaar met de meeste conventionele minerale koeloli\u00ebn.\u00a0Elk mengsel met minerale oli\u00ebn kan afbreuk doen aan de uitstekende prestatie-eigenschappen van het synthetische Mobil-product.<\/p><\/div><\/div><\/div>\n<h2>Functie en potenti\u00eble voordelen<\/h2>\n<p> Het smeermiddelenmerk Mobil Gargoyle Arctic SHC wordt erkend en gewaardeerd vanwege zijn innovatie en uitstekende prestaties.<\/p>\n<p> Ons werk met apparatuurbouwers heeft bijgedragen aan de bevestiging van de resultaten van onze eigen laboratoriumtests, die de uitzonderlijke prestaties van de Mobil Gargoyle Arctic SHC 200-serie smeermiddelen aantonen. Niet in de laatste plaats zijn de uitstekende eigenschappen bij lage temperaturen, die uitstekende vloeibaarheid bij lage temperaturen opleveren, evenals de weerstand tegen viscositeitsverlies als gevolg van koelmiddelabsorptie onder druk, samen met uitstekende lagerfilmdikte en asafdichtingseigenschappen.<\/p>\n<p> Door zijn aard biedt de PAO-basisolie die wordt gebruikt in oli\u00ebn uit de Mobil Gargoyle Arctic SHC 200-serie uitzonderlijke thermische\/oxidatieve weerstand die cruciaal is voor toepassingen bij hoge temperaturen. De smalle molecuulgewichtsverdeling van de PAO-basisvoorraden minimaliseert ook de volatiliteit en kan helpen de overdracht van olie te verminderen.\u00a0Oli\u00ebn uit de Mobil Gargoyle Arctic SHC 200-serie bieden de volgende kenmerken en potenti\u00eble voordelen:<\/p>\n<table class=\"tabel table-striped\">\n <thoofd>\n<tr>\n<th>Functies<\/th>\n<th>Voordelen en potenti\u00eble voordelen<\/th>\n<\/tr>\n<\/thead>\n<p> <tlichaam><\/p>\n<tr>\n<td>Hoge oliefilmdikte in aanwezigheid van koelmiddel<\/td>\n<td>Verbeterde compressorbescherming voor een langere levensduur van de compressor, evenals betere asafdichting, minder lagervermoeidheid en minder ongeplande stilstand<\/td>\n<\/tr>\n<tr>\n<td>Uitstekende thermische\/oxidatieve en chemische stabiliteit<\/td>\n<td>Lange levensduur van de olie en verminderde frequentie van verversingsintervallen en routineonderhoud, verminderde lak- en afzettingsvorming<\/td>\n<\/tr>\n<tr>\n<td>Lage volatiliteit<\/td>\n<td>De viscositeit blijft consistent bij een lager olieverbruik<\/td>\n<\/tr>\n<tr>\n<td>Hoge viscositeitsindex en wasvrij<\/td>\n<td>Uitstekende vloeibaarheid bij lage temperaturen, geen wasachtige afzettingen en verbeterde verdampereffici\u00ebntie<\/td>\n<\/tr>\n<tr>\n<td>Lage tractieco\u00ebffici\u00ebnt<\/td>\n<td>Potentieel voor verbeterde systeemeffici\u00ebntie en lager energieverbruik<\/td>\n<\/tr>\n<tr>\n<td>Compatibiliteit met afdichtingen<\/td>\n<td>Lange levensduur van de afdichting, minder lekkage van de asafdichting<\/td>\n<\/tr>\n<p> <\/tlichaam><br \/>\n <\/tabel><\/p>\n<h2>Toepassingen<\/h2>\n<p> Mobil Gargoyle Arctic SHC 200-serie zijn volledig synthetische smeermiddelen die speciaal zijn ontworpen voor gebruik in koelcompressoren en warmtepompen.<\/p>\n<p> Toepassingsoverwegingen: Hoewel de Mobil Gargoyle Arctic SHC 200-serie compatibel is met minerale olieproducten, zal een mengsel afbreuk doen aan hun prestaties. \u00a0Systemen moeten grondig worden gespoeld en gereinigd wanneer een mineraalproduct wordt vervangen door een product uit de Mobil Gargoyle Arctic SHC 200-serie. In het geval van R22-koelmiddelen moet altijd advies worden gevraagd aan de leverancier van de koelunit om ervoor te zorgen dat de compressor geschikt is voor een effici\u00ebnte scheiding van olie en koelmiddel.<\/p>\n<p> <strong>Typische toepassingen worden hieronder aangegeven:<\/strong><\/p>\n<ul>\n<li>Commerci\u00eble, industri\u00eble, warmtepomptoepassingen en maritieme koelsystemen<\/li>\n<li>Commerci\u00eble, industri\u00eble en residenti\u00eble warmtepomptoepassingen<\/li>\n<li>Aanbevolen voor zowel zuiger- als roterende compressorontwerpen<\/li>\n<li>Aanbevolen voor gebruik met de volgende koelmiddelen: ammoniak en kooldioxide<\/li>\n<\/ul>\n<h2>Specificaties en goedkeuringen<\/h2>\n<h3>Voldoet aan of overtreft de vereisten van<\/h3>\n<ul>\n<li>FDA 21 CFR 178.3570<\/li>\n<li>NSF H1<\/li>\n<li>NSF Registratienummer 133449<\/li>\n<\/ul>\n","protected":false},"excerpt":{"rendered":"<p>De Mobil Gargoyle Arctic SHC\u2122 200 serie smeermiddelen zijn volledig synthetisch met voortreffelijke prestaties, specifiek ontwikkeld voor gebruik in koelcompressoren en warmtepompen.<\/p>\n","protected":false},"featured_media":10104,"template":"","meta":{"_acf_changed":false,"inline_featured_image":false},"product_brand":[],"product_cat":[207],"product_tag":[],"class_list":{"0":"post-9621","1":"product","2":"type-product","3":"status-publish","4":"has-post-thumbnail","6":"product_cat-olie-voor-koelcompressoren","8":"first","9":"instock","10":"taxable","11":"shipping-taxable","12":"purchasable","13":"product-type-simple"},"acf":[],"_links":{"self":[{"href":"https:\/\/webshop.ingelbeen.be\/nl\/wp-json\/wp\/v2\/product\/9621","targetHints":{"allow":["GET"]}}],"collection":[{"href":"https:\/\/webshop.ingelbeen.be\/nl\/wp-json\/wp\/v2\/product"}],"about":[{"href":"https:\/\/webshop.ingelbeen.be\/nl\/wp-json\/wp\/v2\/types\/product"}],"wp:featuredmedia":[{"embeddable":true,"href":"https:\/\/webshop.ingelbeen.be\/nl\/wp-json\/wp\/v2\/media\/10104"}],"wp:attachment":[{"href":"https:\/\/webshop.ingelbeen.be\/nl\/wp-json\/wp\/v2\/media?parent=9621"}],"wp:term":[{"taxonomy":"product_brand","embeddable":true,"href":"https:\/\/webshop.ingelbeen.be\/nl\/wp-json\/wp\/v2\/product_brand?post=9621"},{"taxonomy":"product_cat","embeddable":true,"href":"https:\/\/webshop.ingelbeen.be\/nl\/wp-json\/wp\/v2\/product_cat?post=9621"},{"taxonomy":"product_tag","embeddable":true,"href":"https:\/\/webshop.ingelbeen.be\/nl\/wp-json\/wp\/v2\/product_tag?post=9621"}],"curies":[{"name":"wp","href":"https:\/\/api.w.org\/{rel}","templated":true}]}}