{"id":9721,"date":"2024-04-30T13:10:28","date_gmt":"2024-04-30T12:10:28","guid":{"rendered":"https:\/\/ingelbeen.kneet.be\/product\/mobil-e-somentor-ah-70\/"},"modified":"2024-06-26T16:08:50","modified_gmt":"2024-06-26T15:08:50","slug":"mobil-e-somentor-ah-70","status":"publish","type":"product","link":"https:\/\/webshop.ingelbeen.be\/nl\/product\/mobil-e-somentor-ah-70\/","title":{"rendered":"Mobil E Somentor AH 70"},"content":{"rendered":"<p>Somentor AH 45, AH 70 en AL 70 zijn hoogwaardige, volledig samengestelde oli\u00ebn geschikt voor het koudwalsen van ferro- en non-ferrometalen.\u00a0Deze oli\u00ebn zijn samengesteld met hoogwaardige basisoli\u00ebn en speciaal geselecteerde rololie-additieven om te voldoen aan de veeleisende prestatie-eisen van deze toepassingen.<\/p>\n<h2>Functies en voordelen<\/h2>\n<p> De oli\u00ebn uit de Somentor A-serie zijn geformuleerd voor een effici\u00ebnte kwaliteitsproductie van koudgewalste onderdelen gemaakt van staal of non-ferrometalen.\u00a0 Kenmerken en voordelen zijn onder meer:<\/p>\n<ul>\n<li>Levering van een heldere oppervlakteafwerking op gewalst metaal<\/li>\n<li>Schone verdamping tijdens het gloeiproces om resten\/afzettingen te voorkomen<\/li>\n<li>Eenvoudige filtratie om de levensduur van de olie te verlengen<\/li>\n<li>Geschikt voor een breed scala aan metalen<\/li>\n<li>De lage viscositeit van Somentor AH45 verbetert de koeleffici\u00ebntie en kan worden gemengd om op kosteneffectieve wijze de viscositeit van AH 70 en AL 70 koudwalsoli\u00ebn aan te passen.<\/li>\n<\/ul>\n<h2>Toepassingen<\/h2>\n<p> De Somentor A-serie biedt betrouwbare en effici\u00ebnte smering en koeling tijdens een breed scala aan koudwalstoepassingen.<\/p>\n<ul>\n<li>De producten uit de Somentor A-serie zijn geschikt voor een breed scala aan ferro- en non-ferrometalen en kunnen worden gebruikt voor het koudwalsen van koolstofarm, austenitisch en ferritisch roestvrij staal, evenals koper en koperlegeringen.<\/li>\n<li>Somentor A-serie is geschikt voor gebruik op alle walsconfiguraties, inclusief 4 hi-molens tot en met 20 hi-multiwalsmolens.<\/li>\n<li>Producten uit de Somentor A-serie zijn geschikt voor de smering van back-uplagers in multi-hi-molens.<\/li>\n<li>Kan worden gebruikt in toepassingen waarbij filtersystemen actieve en\/of inactieve aardfiltermedia gebruiken.<\/li>\n<li>Somentor A-serie kwaliteiten zijn geschikt voor gebruik in hydraulische systemen van walserijen om vervuilingseffecten te verminderen, afhankelijk van de geschiktheid van de pomp voor oli\u00ebn met een lage viscositeit.<\/li>\n<\/ul>\n","protected":false},"excerpt":{"rendered":"<p>Somentor AH 45, AH 70 en AL 70 zijn oli\u00ebn van premium kwaliteit, volledig gecomponeerd en geschikt voor koudwalsen van ferro- en non-ferrometalen. Deze oli\u00ebn zijn geformuleerd met hoogwaardige basisoli\u00ebn en speciaal geselecteerde walsolie-additieven om te voldoen aan de veeleisende prestatie-eisen van deze toepassingen.<\/p>\n","protected":false},"featured_media":10101,"template":"","meta":{"_acf_changed":false,"inline_featured_image":false},"product_brand":[],"product_cat":[182],"product_tag":[],"class_list":{"0":"post-9721","1":"product","2":"type-product","3":"status-publish","4":"has-post-thumbnail","6":"product_cat-diverse","8":"first","9":"instock","10":"taxable","11":"shipping-taxable","12":"purchasable","13":"product-type-simple"},"acf":[],"_links":{"self":[{"href":"https:\/\/webshop.ingelbeen.be\/nl\/wp-json\/wp\/v2\/product\/9721","targetHints":{"allow":["GET"]}}],"collection":[{"href":"https:\/\/webshop.ingelbeen.be\/nl\/wp-json\/wp\/v2\/product"}],"about":[{"href":"https:\/\/webshop.ingelbeen.be\/nl\/wp-json\/wp\/v2\/types\/product"}],"wp:featuredmedia":[{"embeddable":true,"href":"https:\/\/webshop.ingelbeen.be\/nl\/wp-json\/wp\/v2\/media\/10101"}],"wp:attachment":[{"href":"https:\/\/webshop.ingelbeen.be\/nl\/wp-json\/wp\/v2\/media?parent=9721"}],"wp:term":[{"taxonomy":"product_brand","embeddable":true,"href":"https:\/\/webshop.ingelbeen.be\/nl\/wp-json\/wp\/v2\/product_brand?post=9721"},{"taxonomy":"product_cat","embeddable":true,"href":"https:\/\/webshop.ingelbeen.be\/nl\/wp-json\/wp\/v2\/product_cat?post=9721"},{"taxonomy":"product_tag","embeddable":true,"href":"https:\/\/webshop.ingelbeen.be\/nl\/wp-json\/wp\/v2\/product_tag?post=9721"}],"curies":[{"name":"wp","href":"https:\/\/api.w.org\/{rel}","templated":true}]}}