{"id":9785,"date":"2024-04-30T13:10:26","date_gmt":"2024-04-30T12:10:26","guid":{"rendered":"https:\/\/ingelbeen.kneet.be\/product\/mobil-dte-10-excel-150-2\/"},"modified":"2024-06-26T16:08:46","modified_gmt":"2024-06-26T15:08:46","slug":"mobil-dte-10-excel-150-2","status":"publish","type":"product","link":"https:\/\/webshop.ingelbeen.be\/nl\/product\/mobil-dte-10-excel-150-2\/","title":{"rendered":"Mobil DTE 10 Excel 150"},"content":{"rendered":"<div class=\"productdetails wissen\">\n<div class=\"productkenmerkbeschrijving\">\n<div class=\"waardebeschrijving\">\n<p> De Mobil DTE 10 Excel\u2122-serie zijn hoogwaardige anti-slijtage hydraulische oli\u00ebn die speciaal zijn ontworpen om te voldoen aan de behoeften van moderne, hogedruk-, industri\u00eble en mobiele hydraulische systemen.<\/p>\n<div class=\"waardebeschrijving\">\n<p> De Mobil DTE 10 Excel-serie is opgebouwd uit geselecteerde basisoli\u00ebn en een eigen additievensysteem om goed uitgebalanceerde prestaties te leveren in een reeks toepassingen.\u00a0 De producten vertonen uitstekende oxidatie- en thermische stabiliteit, waardoor een lange levensduur van de olie mogelijk is en de vorming van afzettingen wordt geminimaliseerd in zware hydraulische systemen die gebruik maken van hogedrukpompen met hoog vermogen.\u00a0 De innovatieve ultra-schoonmaakprestaties beschermen kritische hydraulische systeemcomponenten tegen storingen, zoals servo- en proportionele kleppen met nauwe tolerantie die in veel moderne hydraulische systemen voorkomen.\u00a0 De afschuifstabiele, hoge viscositeitsindex maakt een breed bedrijfstemperatuurbereik mogelijk, waardoor maximale hydraulische effici\u00ebntie en componentbescherming behouden blijft bij zowel lage als hoge temperaturen.\u00a0 Uitstekende ontluchtingseigenschappen bieden een extra mate van bescherming in systemen met een lage verblijftijd en helpen cavitatieschade en microdieselvorming te voorkomen.\u00a0 De zorgvuldig geselecteerde basisolie en additieven zorgen ervoor dat de resultaten van tests op acute aquatische toxiciteit (LC-50, OECD 203) zijn doorstaan \u200b\u200ben het zinkvrije antislijtagesysteem biedt een hoge mate van bescherming in tandwiel-, schotten- en zuigerpompen en minimaliseert tegelijkertijd de vorming van afzettingen.<\/p>\n<p> De Mobil DTE 10 Excel-serie, samengesteld op basis van uitgebreide laboratorium- en veldtesten tijdens gebruik, kan helpen een kwantificeerbare verhoging van de hydraulische effici\u00ebntie te realiseren in vergelijking met andere Mobil\u2122-hydraulische oli\u00ebn.\u00a0 Dit kan zich vertalen in een lager energieverbruik of een hogere machineproductie, wat resulteert in geldbesparingen.<\/p>\n<p> Bij gecontroleerde effici\u00ebntietests in laboratoria werd gemeten dat Mobil DTE 10 Excel tot wel zes procent verbetering in de effici\u00ebntie van de hydraulische pompen opleverde vergeleken met Mobil DTE 20 bij gebruik in standaard hydraulische toepassingen.<\/p>\n<p> In aanvullende laboratorium- en velddemonstraties tijdens gebruik, uitgevoerd op een groot aantal moderne hydraulische systemen, demonstreerde de Mobil DTE 10 Excel-serie, vergeleken met conventionele hydraulische vloeistoffen van Mobil, een uitzonderlijke levensduur van de olie, die tot drie keer langer meegaat dan deze vloeistoffen, terwijl de uitstekende prestaties behouden blijven. reinheid van het hydraulisch systeem en bescherming van componenten.\u00a0 Mobil DTE 10 Excel demonstreerde ook de waarde van zijn hoge viscositeitsindex en uitstekende afschuifstabiliteit door succesvol te werken bij temperaturen zo laag als -34\u00b0C en door de ISO-viscositeitsgraad te behouden.<\/p>\n<p> Mobil DTE 10 Excel is ook getest in standaard schottenpompen onder gecontroleerde omstandigheden, rechtstreeks tegen concurrerende producten.\u00a0 Aan het einde van de 30 minuten durende test resulteerde Mobil DTE 10 Excel in minder systeemwarmteontwikkeling en de systeemtemperaturen bleken 6\u00b0C-7\u00b0C lager te zijn dan die van bepaalde concurrerende producten die onder identieke omstandigheden werden gebruikt.<\/p>\n<p> De energie-effici\u00ebntie van Mobil DTE 10 Excel heeft uitsluitend betrekking op de vloeistofprestaties in vergelijking met conventionele hydraulische vloeistoffen van het merk Mobil. De gebruikte technologie maakt een tot 6% hogere effici\u00ebntie van de hydraulische pompen mogelijk vergeleken met de Mobil DTE 20-serie, wanneer getest in standaard hydraulische toepassingen onder gecontroleerde omstandigheden. De claim voor energie-effici\u00ebntie voor dit product is gebaseerd op testresultaten over het gebruik van de vloeistof, uitgevoerd in overeenstemming met alle toepasselijke industri\u00eble normen en protocollen.<\/p><\/div><\/div><\/div><\/div>\n<h2>Functie en potenti\u00eble voordelen<\/h2>\n<p> De hydraulische oli\u00ebn uit de Mobil DTE 10 Excel-serie bieden uitstekende hydraulische systeemeffici\u00ebntie; ultra schone prestaties en een hoge mate van vloeistofduurzaamheid. De hydraulische effici\u00ebntiefunctie kan leiden tot een lager energieverbruik voor zowel industri\u00eble als mobiele apparatuur, waardoor de bedrijfskosten worden verlaagd en de productiviteit wordt verbeterd. Hun uitstekende oxidatie- en thermische stabiliteit kunnen helpen de olie- en filtervervangingsintervallen te verlengen en tegelijkertijd schone systemen te garanderen. Hun hoge antislijtage-eigenschappen en uitstekende filmsterkte-eigenschappen resulteren in een hoge mate van apparatuurbescherming die niet alleen resulteert in minder storingen, maar ook de productiecapaciteit helpt verbeteren.<\/p>\n<table class=\"tabel table-striped\">\n <thoofd>\n<tr>\n<th>Functies<\/th>\n<th>Voordelen en potenti\u00eble voordelen<\/th>\n<\/tr>\n<\/thead>\n<p> <tlichaam><\/p>\n<tr>\n<td>Uitstekend hydraulisch rendement<\/td>\n<td>Potentieel lager energieverbruik of verhoogde systeemreactie<\/td>\n<\/tr>\n<tr>\n<td>Ultra schone prestaties<\/td>\n<td>Minder systeemafzettingen, wat leidt tot minder machineonderhoud en een langere levensduur van de componenten<\/td>\n<\/tr>\n<tr>\n<td>Afschuifstabiel, hoge viscositeitsindex<\/td>\n<td>Langdurige bescherming van componenten bij een breed temperatuurbereik<\/td>\n<\/tr>\n<tr>\n<td>Oxidatie en thermische stabiliteit<\/td>\n<td>Verlengt de levensduur van de vloeistof, zelfs onder zware bedrijfsomstandigheden<\/td>\n<\/tr>\n<tr>\n<td>Goede compatibiliteit met elastomeren en afdichtingen<\/td>\n<td>Lange levensduur van de afdichting en minder onderhoud<\/td>\n<\/tr>\n<tr>\n<td>Anti-slijtage eigenschappen<\/td>\n<td>Helpt slijtage te verminderen en beschermt pompen en componenten voor een langere levensduur van de apparatuur<\/td>\n<\/tr>\n<tr>\n<td>Uitstekende luchtscheidingseigenschappen<\/td>\n<td>Helpt beluchting en cavitatieschade te voorkomen in systemen met een korte verblijftijd<\/td>\n<\/tr>\n<tr>\n<td>Compatibiliteit met meerdere metalen<\/td>\n<td>Helpt uitstekende prestaties en bescherming te garanderen bij een breed scala aan componentmetallurgie<\/td>\n<\/tr>\n<p> <\/tlichaam><br \/>\n <\/tabel><\/p>\n<h2>Toepassingen<\/h2>\n<ul>\n<li>Hydraulische systemen voor industri\u00eble en mobiele apparatuur die werken bij hoge drukken en temperaturen in kritische toepassingen<\/li>\n<li>Hydraulische systemen die onderhevig zijn aan afzettingen, zoals geavanceerde Computer Numeriek Gecontroleerde (CNC) machines, vooral wanneer servokleppen met nauwe speling worden gebruikt<\/li>\n<li>Systemen waarbij een koude start en hoge bedrijfstemperaturen typisch zijn<\/li>\n<li>Systemen die een hoge mate van draagvermogen en bescherming tegen slijtage vereisen<\/li>\n<li>Machines die een breed scala aan componenten gebruiken en gebruik maken van verschillende metallurgie<\/li>\n<\/ul>\n<h2>Specificaties en goedkeuringen<\/h2>\n<h3>Voldoet aan of overtreft de vereisten van<\/h3>\n<ul>\n<li>DIN 51524-2: 2006-09<\/li>\n<li>Voith VN108 4.3.3<\/li>\n<li>HOCNF Noorwegen\/NEMS<\/li>\n<\/ul>\n<h3>Dit product heeft de volgende bouwergoedkeuringen<\/h3>\n<ul>\n<li>ORTLINGHAUS-WERKE GMBH OP 9.2.10<\/li>\n<li>STROMAG AG TM-000 327<\/li>\n<\/ul>\n","protected":false},"excerpt":{"rendered":"<p>De Mobil DTE 10 Excel\u2122 Serie bestaat uit hoogwaardige anti-slijtage hydraulische oli\u00ebn specifiek ontworpen om in de behoeften van moderne, zwaar belaste industri\u00eble en mobiele hydraulische systemen te voldoen<\/p>\n","protected":false},"featured_media":10104,"template":"","meta":{"_acf_changed":false,"inline_featured_image":false},"product_brand":[],"product_cat":[204],"product_tag":[],"class_list":{"0":"post-9785","1":"product","2":"type-product","3":"status-publish","4":"has-post-thumbnail","6":"product_cat-hydraulische-olie","8":"first","9":"instock","10":"taxable","11":"shipping-taxable","12":"purchasable","13":"product-type-simple"},"acf":[],"_links":{"self":[{"href":"https:\/\/webshop.ingelbeen.be\/nl\/wp-json\/wp\/v2\/product\/9785","targetHints":{"allow":["GET"]}}],"collection":[{"href":"https:\/\/webshop.ingelbeen.be\/nl\/wp-json\/wp\/v2\/product"}],"about":[{"href":"https:\/\/webshop.ingelbeen.be\/nl\/wp-json\/wp\/v2\/types\/product"}],"wp:featuredmedia":[{"embeddable":true,"href":"https:\/\/webshop.ingelbeen.be\/nl\/wp-json\/wp\/v2\/media\/10104"}],"wp:attachment":[{"href":"https:\/\/webshop.ingelbeen.be\/nl\/wp-json\/wp\/v2\/media?parent=9785"}],"wp:term":[{"taxonomy":"product_brand","embeddable":true,"href":"https:\/\/webshop.ingelbeen.be\/nl\/wp-json\/wp\/v2\/product_brand?post=9785"},{"taxonomy":"product_cat","embeddable":true,"href":"https:\/\/webshop.ingelbeen.be\/nl\/wp-json\/wp\/v2\/product_cat?post=9785"},{"taxonomy":"product_tag","embeddable":true,"href":"https:\/\/webshop.ingelbeen.be\/nl\/wp-json\/wp\/v2\/product_tag?post=9785"}],"curies":[{"name":"wp","href":"https:\/\/api.w.org\/{rel}","templated":true}]}}